{"id":226571,"date":"2026-03-04T06:26:12","date_gmt":"2026-03-04T05:26:12","guid":{"rendered":"https:\/\/grupotextil.es\/producto\/prime-paddedsoftshell-jacket-men\/"},"modified":"2026-04-19T04:06:38","modified_gmt":"2026-04-19T02:06:38","slug":"prime-paddedsoftshell-jacket-men","status":"publish","type":"product","link":"https:\/\/grupotextil.es\/ca\/product\/prime-paddedsoftshell-jacket-men\/","title":{"rendered":"Prime Padded\nSoftshell Jacket Men"},"content":{"rendered":"<p>Chaqueta softshell acolchada bicolor con capucha desmontable. Cremallera con tapa frontal y botones a presi\u00f3n delanteros. Tiras de velcro ajustables en pu\u00f1os y cord\u00f3n el\u00e1stico en la capucha y cintura. Dos bolsillos interiores con cremallera. Ribete reflectante en la parte inferior de la espalda. Etiqueta en cuello f\u00e1cil de quitar y etiqueta con talla por separado. Tiradores de cremallera a contraste. Los tiradores de cremallera de repuesto se venden por separado. Certificado Oeko-Tex 100. Se presenta en una bolsa de polietileno biodegradable y compostable.<\/p>\n<p><strong>Composici\u00f3n:<\/strong> Tejido exterior: 100% Poli\u00e9ster reciclado, 280 g\/m\u00b2, con forro polar 100% poli\u00e9ster reciclado, WP 3000\/ MVP 3000<br \/>\nAcolchado: 100% Poli\u00e9ster reciclado<br \/>\nForro: 100% Poli\u00e9ster reciclado | <strong>Peso:<\/strong> Shell: 280 g\/m\u00b2 &#8211; Lining (sleeves): g\/m\u00b2 &#8211; Lining (pockets): 120 g\/m\u00b2 | <strong>Tallas:<\/strong> S-5XL<\/p>","protected":false},"excerpt":{"rendered":"<p>Chaqueta softshell acolchada bicolor con capucha desmontable. Cremallera con tapa frontal y botones a presi\u00f3n delanteros. Tiras de velcro ajustables en pu\u00f1os y cord\u00f3n el\u00e1stico en la capucha y cintura. Dos bolsillos interiores con cremallera. Ribete r<\/p>","protected":false},"featured_media":234709,"comment_status":"open","ping_status":"closed","template":"","meta":{"_acf_changed":false},"product_brand":[10586],"product_cat":[13998],"product_tag":[],"class_list":{"0":"post-226571","1":"product","2":"type-product","3":"status-publish","4":"has-post-thumbnail","6":"product_brand-printer-prime","7":"product_cat-n-chaquetas","8":"tm-no-options","10":"first","11":"instock","12":"taxable","13":"shipping-taxable","14":"product-type-variable"},"acf":[],"_links":{"self":[{"href":"https:\/\/grupotextil.es\/ca\/wp-json\/wp\/v2\/product\/226571","targetHints":{"allow":["GET"]}}],"collection":[{"href":"https:\/\/grupotextil.es\/ca\/wp-json\/wp\/v2\/product"}],"about":[{"href":"https:\/\/grupotextil.es\/ca\/wp-json\/wp\/v2\/types\/product"}],"replies":[{"embeddable":true,"href":"https:\/\/grupotextil.es\/ca\/wp-json\/wp\/v2\/comments?post=226571"}],"wp:featuredmedia":[{"embeddable":true,"href":"https:\/\/grupotextil.es\/ca\/wp-json\/wp\/v2\/media\/234709"}],"wp:attachment":[{"href":"https:\/\/grupotextil.es\/ca\/wp-json\/wp\/v2\/media?parent=226571"}],"wp:term":[{"taxonomy":"product_brand","embeddable":true,"href":"https:\/\/grupotextil.es\/ca\/wp-json\/wp\/v2\/product_brand?post=226571"},{"taxonomy":"product_cat","embeddable":true,"href":"https:\/\/grupotextil.es\/ca\/wp-json\/wp\/v2\/product_cat?post=226571"},{"taxonomy":"product_tag","embeddable":true,"href":"https:\/\/grupotextil.es\/ca\/wp-json\/wp\/v2\/product_tag?post=226571"}],"curies":[{"name":"wp","href":"https:\/\/api.w.org\/{rel}","templated":true}]}}