{"id":226726,"date":"2026-03-04T06:27:39","date_gmt":"2026-03-04T05:27:39","guid":{"rendered":"https:\/\/grupotextil.es\/producto\/5558-shorts-elasticos\/"},"modified":"2026-04-26T04:05:32","modified_gmt":"2026-04-26T02:05:32","slug":"5558-shorts-elasticos","status":"publish","type":"product","link":"https:\/\/grupotextil.es\/ca\/product\/5558-shorts-elasticos\/","title":{"rendered":"5558 SHORTS EL\u00c1STICOS"},"content":{"rendered":"<p>Pantalones cortos totalmente el\u00e1sticos para una m\u00e1xima libertad de movimientos y comodidad. Corte moderno. El\u00e1stico en 4 direcciones sobre los muslos y el asiento. Los laterales de la parte superior no son el\u00e1sticos para dar estabilidad al pantal\u00f3n.  Aberturas de ventilaci\u00f3n con cremalleras a lo largo de ambos lados de las piernas con forro de malla, tambi\u00e9n ventilaci\u00f3n en la cintura. Bolsillos en las piernas, en el lado izquierdo bolsillo para herramientas y bol\u00edgrafos, tambi\u00e9n bolsillo para el m\u00f3vil y gancho para sujetar la tarjeta de identificaci\u00f3n. En el lado derecho bolsillo para cinta m\u00e9trica y bolsillo con bot\u00f3n para herramientas. Posibilidad de acoplar sistema MOLLE en ambos lados, tambi\u00e9n posibilidad de a\u00f1adir presillas para martillo mediante velcro.<\/p>\n<p><strong>Composici\u00f3n:<\/strong> Tejido 1: 65% poli\u00e9ster, 35% algod\u00f3n 270 g\/m2 Tejido 2: 91% nylon, 9% spandex rib stop 248 g\/m2 Tejido 3: 91,5% nylon, 8,5% spandex 245 g\/m2  Tejido 4: 96% nylon, 4% elastano 238 g\/m2 Refuerzos: 100% Cordura\u00ae | <strong>Peso:<\/strong> 270 g\/m\u00b2 | <strong>Tallas:<\/strong> C44-C62<\/p>","protected":false},"excerpt":{"rendered":"<p>Pantalones cortos totalmente el\u00e1sticos para una m\u00e1xima libertad de movimientos y comodidad. Corte moderno. El\u00e1stico en 4 direcciones sobre los muslos y el asiento. Los laterales de la parte superior no son el\u00e1sticos para dar estabilidad al pantal\u00f3n.<\/p>","protected":false},"featured_media":234782,"comment_status":"open","ping_status":"closed","template":"","meta":{"_acf_changed":false},"product_brand":[10531],"product_cat":[13983],"product_tag":[],"class_list":{"0":"post-226726","1":"product","2":"type-product","3":"status-publish","4":"has-post-thumbnail","6":"product_brand-projob","7":"product_cat-h-pantalones","8":"tm-no-options","10":"first","11":"instock","12":"taxable","13":"shipping-taxable","14":"product-type-variable"},"acf":[],"_links":{"self":[{"href":"https:\/\/grupotextil.es\/ca\/wp-json\/wp\/v2\/product\/226726","targetHints":{"allow":["GET"]}}],"collection":[{"href":"https:\/\/grupotextil.es\/ca\/wp-json\/wp\/v2\/product"}],"about":[{"href":"https:\/\/grupotextil.es\/ca\/wp-json\/wp\/v2\/types\/product"}],"replies":[{"embeddable":true,"href":"https:\/\/grupotextil.es\/ca\/wp-json\/wp\/v2\/comments?post=226726"}],"wp:featuredmedia":[{"embeddable":true,"href":"https:\/\/grupotextil.es\/ca\/wp-json\/wp\/v2\/media\/234782"}],"wp:attachment":[{"href":"https:\/\/grupotextil.es\/ca\/wp-json\/wp\/v2\/media?parent=226726"}],"wp:term":[{"taxonomy":"product_brand","embeddable":true,"href":"https:\/\/grupotextil.es\/ca\/wp-json\/wp\/v2\/product_brand?post=226726"},{"taxonomy":"product_cat","embeddable":true,"href":"https:\/\/grupotextil.es\/ca\/wp-json\/wp\/v2\/product_cat?post=226726"},{"taxonomy":"product_tag","embeddable":true,"href":"https:\/\/grupotextil.es\/ca\/wp-json\/wp\/v2\/product_tag?post=226726"}],"curies":[{"name":"wp","href":"https:\/\/api.w.org\/{rel}","templated":true}]}}