{"id":226734,"date":"2026-03-04T06:27:43","date_gmt":"2026-03-04T05:27:43","guid":{"rendered":"https:\/\/grupotextil.es\/producto\/9060-cinturon-logo\/"},"modified":"2026-04-19T04:06:39","modified_gmt":"2026-04-19T02:06:39","slug":"9060-cinturon-logo","status":"publish","type":"product","link":"https:\/\/grupotextil.es\/ca\/product\/9060-cinturon-logo\/","title":{"rendered":"9060 CINTUR\u00d3N LOGO"},"content":{"rendered":"<p>Cintur\u00f3n con hebilla de pl\u00e1stico. Medidas: 125 x 3,7cm.<\/p>\n<p><strong>Composici\u00f3n:<\/strong> 100% poli\u00e9ster | <strong>Tallas:<\/strong> UD<\/p>","protected":false},"excerpt":{"rendered":"<p>Cintur\u00f3n con hebilla de pl\u00e1stico. Medidas: 125 x 3,7cm.<\/p>","protected":false},"featured_media":234788,"comment_status":"open","ping_status":"closed","template":"","meta":{"_acf_changed":false},"product_brand":[10531],"product_cat":[13948],"product_tag":[],"class_list":{"0":"post-226734","1":"product","2":"type-product","3":"status-publish","4":"has-post-thumbnail","6":"product_brand-projob","7":"product_cat-accesorios","8":"tm-no-options","10":"first","11":"instock","12":"taxable","13":"shipping-taxable","14":"product-type-variable"},"acf":[],"_links":{"self":[{"href":"https:\/\/grupotextil.es\/ca\/wp-json\/wp\/v2\/product\/226734","targetHints":{"allow":["GET"]}}],"collection":[{"href":"https:\/\/grupotextil.es\/ca\/wp-json\/wp\/v2\/product"}],"about":[{"href":"https:\/\/grupotextil.es\/ca\/wp-json\/wp\/v2\/types\/product"}],"replies":[{"embeddable":true,"href":"https:\/\/grupotextil.es\/ca\/wp-json\/wp\/v2\/comments?post=226734"}],"wp:featuredmedia":[{"embeddable":true,"href":"https:\/\/grupotextil.es\/ca\/wp-json\/wp\/v2\/media\/234788"}],"wp:attachment":[{"href":"https:\/\/grupotextil.es\/ca\/wp-json\/wp\/v2\/media?parent=226734"}],"wp:term":[{"taxonomy":"product_brand","embeddable":true,"href":"https:\/\/grupotextil.es\/ca\/wp-json\/wp\/v2\/product_brand?post=226734"},{"taxonomy":"product_cat","embeddable":true,"href":"https:\/\/grupotextil.es\/ca\/wp-json\/wp\/v2\/product_cat?post=226734"},{"taxonomy":"product_tag","embeddable":true,"href":"https:\/\/grupotextil.es\/ca\/wp-json\/wp\/v2\/product_tag?post=226734"}],"curies":[{"name":"wp","href":"https:\/\/api.w.org\/{rel}","templated":true}]}}