{"id":226752,"date":"2026-03-04T06:27:54","date_gmt":"2026-03-04T05:27:54","guid":{"rendered":"https:\/\/grupotextil.es\/producto\/stretch-premium-polo-l-s\/"},"modified":"2026-04-19T04:06:39","modified_gmt":"2026-04-19T02:06:39","slug":"stretch-premium-polo-l-s","status":"publish","type":"product","link":"https:\/\/grupotextil.es\/ca\/product\/stretch-premium-polo-l-s\/","title":{"rendered":"Stretch Premium Polo L\/S"},"content":{"rendered":"<p>Polo de manga larga de alta calidad con una buena elasticidad. Este polo sin pu\u00f1os presenta 2 botones con aspecto perlado en los hombres y 3 en las mujeres. Cinta de espiga en el cuello y una cruz bartac en la abertura lateral. De f\u00e1cil reetiquetado. La prenda est\u00e1 preencogida y con tratamiento enzim\u00e1tico.<\/p>\n<p><strong>Composici\u00f3n:<\/strong> 95% Algod\u00f3n, 5% elastano | <strong>Peso:<\/strong> 215 g\/m2 | <strong>Tallas:<\/strong> XS-4XL<\/p>","protected":false},"excerpt":{"rendered":"<p>Polo de manga larga de alta calidad con una buena elasticidad. Este polo sin pu\u00f1os presenta 2 botones con aspecto perlado en los hombres y 3 en las mujeres. Cinta de espiga en el cuello y una cruz bartac en la abertura lateral. De f\u00e1cil reetiquetado.<\/p>","protected":false},"featured_media":234798,"comment_status":"open","ping_status":"closed","template":"","meta":{"_acf_changed":false},"product_brand":[10446],"product_cat":[13979],"product_tag":[],"class_list":{"0":"post-226752","1":"product","2":"type-product","3":"status-publish","4":"has-post-thumbnail","6":"product_brand-clique","7":"product_cat-h-polos","8":"tm-no-options","10":"first","11":"instock","12":"taxable","13":"shipping-taxable","14":"product-type-variable"},"acf":[],"_links":{"self":[{"href":"https:\/\/grupotextil.es\/ca\/wp-json\/wp\/v2\/product\/226752","targetHints":{"allow":["GET"]}}],"collection":[{"href":"https:\/\/grupotextil.es\/ca\/wp-json\/wp\/v2\/product"}],"about":[{"href":"https:\/\/grupotextil.es\/ca\/wp-json\/wp\/v2\/types\/product"}],"replies":[{"embeddable":true,"href":"https:\/\/grupotextil.es\/ca\/wp-json\/wp\/v2\/comments?post=226752"}],"wp:featuredmedia":[{"embeddable":true,"href":"https:\/\/grupotextil.es\/ca\/wp-json\/wp\/v2\/media\/234798"}],"wp:attachment":[{"href":"https:\/\/grupotextil.es\/ca\/wp-json\/wp\/v2\/media?parent=226752"}],"wp:term":[{"taxonomy":"product_brand","embeddable":true,"href":"https:\/\/grupotextil.es\/ca\/wp-json\/wp\/v2\/product_brand?post=226752"},{"taxonomy":"product_cat","embeddable":true,"href":"https:\/\/grupotextil.es\/ca\/wp-json\/wp\/v2\/product_cat?post=226752"},{"taxonomy":"product_tag","embeddable":true,"href":"https:\/\/grupotextil.es\/ca\/wp-json\/wp\/v2\/product_tag?post=226752"}],"curies":[{"name":"wp","href":"https:\/\/api.w.org\/{rel}","templated":true}]}}