{"id":226758,"date":"2026-03-04T06:27:57","date_gmt":"2026-03-04T05:27:57","guid":{"rendered":"https:\/\/grupotextil.es\/producto\/classic-oc-t\/"},"modified":"2026-04-19T04:06:39","modified_gmt":"2026-04-19T02:06:39","slug":"classic-oc-t","status":"publish","type":"product","link":"https:\/\/grupotextil.es\/ca\/product\/classic-oc-t\/","title":{"rendered":"Classic OC-T"},"content":{"rendered":"<p>Versi\u00f3n moderna de la cl\u00e1sica camiseta, hecha en 100% algod\u00f3n org\u00e1nico. Canal\u00e9 doble 1&#215;1 en cuello. Tapeta reforzada y costuras en hombros. F\u00e1cil re etiquetado. Prenda pre-encogida y tratamiento enzim\u00e1tico. Estructura tubular en versi\u00f3n masculina.<\/p>\n<p><strong>Composici\u00f3n:<\/strong> 100% algod\u00f3n org\u00e1nico | <strong>Peso:<\/strong> 160 g\/m2 | <strong>Tallas:<\/strong> XS-4XL (10, 175, 54, 605, 925, 955: XS-3XL)<\/p>","protected":false},"excerpt":{"rendered":"<p>Versi\u00f3n moderna de la cl\u00e1sica camiseta, hecha en 100% algod\u00f3n org\u00e1nico. Canal\u00e9 doble 1&#215;1 en cuello. Tapeta reforzada y costuras en hombros. F\u00e1cil re etiquetado. Prenda pre-encogida y tratamiento enzim\u00e1tico. Estructura tubular en versi\u00f3n masculina.<\/p>","protected":false},"featured_media":234801,"comment_status":"open","ping_status":"closed","template":"","meta":{"_acf_changed":false},"product_brand":[10446],"product_cat":[13995],"product_tag":[],"class_list":{"0":"post-226758","1":"product","2":"type-product","3":"status-publish","4":"has-post-thumbnail","6":"product_brand-clique","7":"product_cat-n-camisetas","8":"tm-no-options","10":"first","11":"instock","12":"taxable","13":"shipping-taxable","14":"product-type-variable"},"acf":[],"_links":{"self":[{"href":"https:\/\/grupotextil.es\/ca\/wp-json\/wp\/v2\/product\/226758","targetHints":{"allow":["GET"]}}],"collection":[{"href":"https:\/\/grupotextil.es\/ca\/wp-json\/wp\/v2\/product"}],"about":[{"href":"https:\/\/grupotextil.es\/ca\/wp-json\/wp\/v2\/types\/product"}],"replies":[{"embeddable":true,"href":"https:\/\/grupotextil.es\/ca\/wp-json\/wp\/v2\/comments?post=226758"}],"wp:featuredmedia":[{"embeddable":true,"href":"https:\/\/grupotextil.es\/ca\/wp-json\/wp\/v2\/media\/234801"}],"wp:attachment":[{"href":"https:\/\/grupotextil.es\/ca\/wp-json\/wp\/v2\/media?parent=226758"}],"wp:term":[{"taxonomy":"product_brand","embeddable":true,"href":"https:\/\/grupotextil.es\/ca\/wp-json\/wp\/v2\/product_brand?post=226758"},{"taxonomy":"product_cat","embeddable":true,"href":"https:\/\/grupotextil.es\/ca\/wp-json\/wp\/v2\/product_cat?post=226758"},{"taxonomy":"product_tag","embeddable":true,"href":"https:\/\/grupotextil.es\/ca\/wp-json\/wp\/v2\/product_tag?post=226758"}],"curies":[{"name":"wp","href":"https:\/\/api.w.org\/{rel}","templated":true}]}}