{"id":226784,"date":"2026-03-04T06:28:11","date_gmt":"2026-03-04T05:28:11","guid":{"rendered":"https:\/\/grupotextil.es\/producto\/yb50-twill-regular\/"},"modified":"2026-04-19T04:06:40","modified_gmt":"2026-04-19T02:06:40","slug":"yb50-twill-regular","status":"publish","type":"product","link":"https:\/\/grupotextil.es\/ca\/product\/yb50-twill-regular\/","title":{"rendered":"YB50 Twill Regular"},"content":{"rendered":"<p>Yellow Bow 50 es una camisa de altas prestaciones confeccionada en sarga y tratamiento Easy Care. Costuras selladas y canes\u00fa. (W Contemporary s\u00f3lo en colores 100 y 500)<\/p>\n<p><strong>Composici\u00f3n:<\/strong> Sarga 60% algod\u00f3n org\u00e1nico (blanco: 60% algod\u00f3n) \/ 40% poli\u00e9ster reciclado, 135 g\/m\u00b2. Tratamiento Easy Care. Costuras principales selladas. Opci\u00f3n manga larga \/ manga corta. Botones altos de 4 mm de grosor. Pu\u00f1o de \u00e1ngel con orificio para gemelos. | <strong>Peso:<\/strong> 134 g\/m\u00b2 | <strong>Tallas:<\/strong> S-5XL<\/p>","protected":false},"excerpt":{"rendered":"<p>Yellow Bow 50 es una camisa de altas prestaciones confeccionada en sarga y tratamiento Easy Care. Costuras selladas y canes\u00fa. (W Contemporary s\u00f3lo en colores 100 y 500)<\/p>","protected":false},"featured_media":234815,"comment_status":"open","ping_status":"closed","template":"","meta":{"_acf_changed":false},"product_brand":[10563],"product_cat":[13995],"product_tag":[],"class_list":{"0":"post-226784","1":"product","2":"type-product","3":"status-publish","4":"has-post-thumbnail","6":"product_brand-j-harvest-frost","7":"product_cat-n-camisetas","8":"tm-no-options","10":"first","11":"instock","12":"taxable","13":"shipping-taxable","14":"product-type-variable"},"acf":[],"_links":{"self":[{"href":"https:\/\/grupotextil.es\/ca\/wp-json\/wp\/v2\/product\/226784","targetHints":{"allow":["GET"]}}],"collection":[{"href":"https:\/\/grupotextil.es\/ca\/wp-json\/wp\/v2\/product"}],"about":[{"href":"https:\/\/grupotextil.es\/ca\/wp-json\/wp\/v2\/types\/product"}],"replies":[{"embeddable":true,"href":"https:\/\/grupotextil.es\/ca\/wp-json\/wp\/v2\/comments?post=226784"}],"wp:featuredmedia":[{"embeddable":true,"href":"https:\/\/grupotextil.es\/ca\/wp-json\/wp\/v2\/media\/234815"}],"wp:attachment":[{"href":"https:\/\/grupotextil.es\/ca\/wp-json\/wp\/v2\/media?parent=226784"}],"wp:term":[{"taxonomy":"product_brand","embeddable":true,"href":"https:\/\/grupotextil.es\/ca\/wp-json\/wp\/v2\/product_brand?post=226784"},{"taxonomy":"product_cat","embeddable":true,"href":"https:\/\/grupotextil.es\/ca\/wp-json\/wp\/v2\/product_cat?post=226784"},{"taxonomy":"product_tag","embeddable":true,"href":"https:\/\/grupotextil.es\/ca\/wp-json\/wp\/v2\/product_tag?post=226784"}],"curies":[{"name":"wp","href":"https:\/\/api.w.org\/{rel}","templated":true}]}}