{"id":226794,"date":"2026-03-04T06:28:17","date_gmt":"2026-03-04T05:28:17","guid":{"rendered":"https:\/\/grupotextil.es\/producto\/classic-trouser-man\/"},"modified":"2026-04-19T04:06:40","modified_gmt":"2026-04-19T02:06:40","slug":"classic-trouser-man","status":"publish","type":"product","link":"https:\/\/grupotextil.es\/ca\/product\/classic-trouser-man\/","title":{"rendered":"Classic Trouser Man"},"content":{"rendered":"<p>Pantalones elegantes tejido el\u00e1stico de altas prestaciones repelente al agua y que proporcionan libertad de movimiento en todo momento. No hay nada m\u00e1s c\u00f3modo. El pantal\u00f3n prensado est\u00e1 cuidadosamente acabado con el innovador y patentado tratamiento Supercrease, que mantiene el prensado permanente en el pantal\u00f3n. Suave cinturilla interior confeccionada a partir del tejido principal, que permite una mayor elasticidad para un movimiento m\u00e1s c\u00f3modo. Forrados por la rodilla, con suave viscosa. Comb\u00ednalos con nuestra americana cl\u00e1sica para un traje completo, o solos con una camisa para un look de oficina elegante.<\/p>\n<p><strong>Composici\u00f3n:<\/strong> 89% Lana, 6% Poli\u00e9ster, 5% Lycra, 0,5% antiest\u00e1tico<br \/>\nForrado en la rodilla 55% Poli\u00e9ster, 45% Viscosa<br \/>\nTejido el\u00e1stico en 4 direcciones de alto rendimiento, transpirable, ligero 260 gramos, Acabado hidr\u00f3fugo respetuoso con el medio ambiente.<br \/>\nCorte recto. Parte delantera plana.<br \/>\nBolsillo de ojal en la parte trasera, bolsillo delantero en el lateral con costura amf en la cintura.<br \/>\nCierre de gancho y cremallera YKK en la parte delantera con costura AMF en la tapa. | <strong>Tallas:<\/strong> C44-C62<\/p>","protected":false},"excerpt":{"rendered":"<p>Pantalones elegantes tejido el\u00e1stico de altas prestaciones repelente al agua y que proporcionan libertad de movimiento en todo momento. No hay nada m\u00e1s c\u00f3modo. El pantal\u00f3n prensado est\u00e1 cuidadosamente acabado con el innovador y patentado tratamiento<\/p>","protected":false},"featured_media":234820,"comment_status":"open","ping_status":"closed","template":"","meta":{"_acf_changed":false},"product_brand":[10563],"product_cat":[13983],"product_tag":[],"class_list":{"0":"post-226794","1":"product","2":"type-product","3":"status-publish","4":"has-post-thumbnail","6":"product_brand-j-harvest-frost","7":"product_cat-h-pantalones","8":"tm-no-options","10":"first","11":"instock","12":"taxable","13":"shipping-taxable","14":"product-type-variable"},"acf":[],"_links":{"self":[{"href":"https:\/\/grupotextil.es\/ca\/wp-json\/wp\/v2\/product\/226794","targetHints":{"allow":["GET"]}}],"collection":[{"href":"https:\/\/grupotextil.es\/ca\/wp-json\/wp\/v2\/product"}],"about":[{"href":"https:\/\/grupotextil.es\/ca\/wp-json\/wp\/v2\/types\/product"}],"replies":[{"embeddable":true,"href":"https:\/\/grupotextil.es\/ca\/wp-json\/wp\/v2\/comments?post=226794"}],"wp:featuredmedia":[{"embeddable":true,"href":"https:\/\/grupotextil.es\/ca\/wp-json\/wp\/v2\/media\/234820"}],"wp:attachment":[{"href":"https:\/\/grupotextil.es\/ca\/wp-json\/wp\/v2\/media?parent=226794"}],"wp:term":[{"taxonomy":"product_brand","embeddable":true,"href":"https:\/\/grupotextil.es\/ca\/wp-json\/wp\/v2\/product_brand?post=226794"},{"taxonomy":"product_cat","embeddable":true,"href":"https:\/\/grupotextil.es\/ca\/wp-json\/wp\/v2\/product_cat?post=226794"},{"taxonomy":"product_tag","embeddable":true,"href":"https:\/\/grupotextil.es\/ca\/wp-json\/wp\/v2\/product_tag?post=226794"}],"curies":[{"name":"wp","href":"https:\/\/api.w.org\/{rel}","templated":true}]}}