{"id":226813,"date":"2026-03-04T06:28:27","date_gmt":"2026-03-04T05:28:27","guid":{"rendered":"https:\/\/grupotextil.es\/producto\/5562-shorts-elasticos\/"},"modified":"2026-04-26T04:05:33","modified_gmt":"2026-04-26T02:05:33","slug":"5562-shorts-elasticos","status":"publish","type":"product","link":"https:\/\/grupotextil.es\/ca\/product\/5562-shorts-elasticos\/","title":{"rendered":"5562 SHORTS EL\u00c1STICOS"},"content":{"rendered":"<p>Pantal\u00f3n corto totalmente el\u00e1stico que proporciona la m\u00e1xima libertad de movimiento y comodidad. Corte moderno. Los laterales de la parte superior no son el\u00e1sticos para dar estabilidad al pantal\u00f3n. Bolsillos tipo funda con compartimentos adicionales y refuerzo interno de Cordura\u00ae; si se desea, se pueden quitar los bolsillos tipo funda descosiendo la costura de contraste de la parte trasera. Aberturas de ventilaci\u00f3n en la parte posterior de la cintura. Amplios bolsillos en piernas a ambos lados. Bolsillo en la pierna izquierda para herramientas y bol\u00edgrafos, tambi\u00e9n bolsillo para m\u00f3vil con cierre magn\u00e9tico y gancho para sujetar la tarjeta de identificaci\u00f3n. En el lado derecho bolsillo para cinta m\u00e9trica y bolsillo con bot\u00f3n para herramientas. Trabilla m\u00e1s ancha en la parte trasera para evitar la presi\u00f3n del cintur\u00f3n. Bolsillos traseros en Cordura\u00ae, uno con solapa y cierre magn\u00e9tico. Posibilidad de acoplar sistema MOLLE en ambos lados.<\/p>\n<p><strong>Composici\u00f3n:<\/strong> Tejido 1:  91,5% Nylon, 8,5% Spandex. Tejido 2: 100% Poliamida. Tejido 3: 100% Poli\u00e9ster. Tejido 4: 65% Poli\u00e9ster, 35% Algod\u00f3n. Tejido 5: 89%\u00a0Cordura\u00ae, 11% Spandex | <strong>Tallas:<\/strong> C44-C62<\/p>","protected":false},"excerpt":{"rendered":"<p>Pantal\u00f3n corto totalmente el\u00e1stico que proporciona la m\u00e1xima libertad de movimiento y comodidad. Corte moderno. Los laterales de la parte superior no son el\u00e1sticos para dar estabilidad al pantal\u00f3n. Bolsillos tipo funda con compartimentos adicionales<\/p>","protected":false},"featured_media":234830,"comment_status":"open","ping_status":"closed","template":"","meta":{"_acf_changed":false},"product_brand":[10531],"product_cat":[13983],"product_tag":[],"class_list":{"0":"post-226813","1":"product","2":"type-product","3":"status-publish","4":"has-post-thumbnail","6":"product_brand-projob","7":"product_cat-h-pantalones","8":"tm-no-options","10":"first","11":"instock","12":"taxable","13":"shipping-taxable","14":"product-type-variable"},"acf":[],"_links":{"self":[{"href":"https:\/\/grupotextil.es\/ca\/wp-json\/wp\/v2\/product\/226813","targetHints":{"allow":["GET"]}}],"collection":[{"href":"https:\/\/grupotextil.es\/ca\/wp-json\/wp\/v2\/product"}],"about":[{"href":"https:\/\/grupotextil.es\/ca\/wp-json\/wp\/v2\/types\/product"}],"replies":[{"embeddable":true,"href":"https:\/\/grupotextil.es\/ca\/wp-json\/wp\/v2\/comments?post=226813"}],"wp:featuredmedia":[{"embeddable":true,"href":"https:\/\/grupotextil.es\/ca\/wp-json\/wp\/v2\/media\/234830"}],"wp:attachment":[{"href":"https:\/\/grupotextil.es\/ca\/wp-json\/wp\/v2\/media?parent=226813"}],"wp:term":[{"taxonomy":"product_brand","embeddable":true,"href":"https:\/\/grupotextil.es\/ca\/wp-json\/wp\/v2\/product_brand?post=226813"},{"taxonomy":"product_cat","embeddable":true,"href":"https:\/\/grupotextil.es\/ca\/wp-json\/wp\/v2\/product_cat?post=226813"},{"taxonomy":"product_tag","embeddable":true,"href":"https:\/\/grupotextil.es\/ca\/wp-json\/wp\/v2\/product_tag?post=226813"}],"curies":[{"name":"wp","href":"https:\/\/api.w.org\/{rel}","templated":true}]}}