{"id":226863,"date":"2026-03-04T06:28:57","date_gmt":"2026-03-04T05:28:57","guid":{"rendered":"https:\/\/grupotextil.es\/producto\/core-light-padded-vest-w\/"},"modified":"2026-04-19T04:06:40","modified_gmt":"2026-04-19T02:06:40","slug":"core-light-padded-vest-w","status":"publish","type":"product","link":"https:\/\/grupotextil.es\/ca\/product\/core-light-padded-vest-w\/","title":{"rendered":"CORE Light Padded Vest W"},"content":{"rendered":"<p>CORE Light Padded Vest es un chaleco fino con ligero acolchado que resulta una prenda perfecta cuando necesitas ajustarte r\u00e1pidamente a los cambios de temperatura. Este vers\u00e1til chaleco est\u00e1 confeccionado con poliamida reciclada y un acolchado de poli\u00e9ster reciclado. Adem\u00e1s, con cuello de canal\u00e9 suave y dos bolsillos laterales.<\/p>\n<p>\u2022 Tejido exterior de poliamida reciclada<\/p>\n<p>\u2022 Acolchado de poli\u00e9ster reciclado<\/p>\n<p>\u2022 Dos bolsillos laterales<\/p>\n<p>\u2022 Canal\u00e9 en cuallo suave<\/p>\n<p>\u2022 Forma recta<\/p>\n<p><strong>Composici\u00f3n:<\/strong> Tejido: 100% Poliamida reciclada. Acolchado: 100% Poli\u00e9ster reciclado | <strong>Tallas:<\/strong> XS-XXL<\/p>","protected":false},"excerpt":{"rendered":"<p>CORE Light Padded Vest es un chaleco fino con ligero acolchado que resulta una prenda perfecta cuando necesitas ajustarte r\u00e1pidamente a los cambios de temperatura. Este vers\u00e1til chaleco est\u00e1 confeccionado con poliamida reciclada y un acolchado de pol<\/p>","protected":false},"featured_media":234859,"comment_status":"open","ping_status":"closed","template":"","meta":{"_acf_changed":false},"product_brand":[10489],"product_cat":[13998],"product_tag":[],"class_list":{"0":"post-226863","1":"product","2":"type-product","3":"status-publish","4":"has-post-thumbnail","6":"product_brand-craft","7":"product_cat-n-chaquetas","8":"tm-no-options","10":"first","11":"instock","12":"taxable","13":"shipping-taxable","14":"product-type-variable"},"acf":[],"_links":{"self":[{"href":"https:\/\/grupotextil.es\/ca\/wp-json\/wp\/v2\/product\/226863","targetHints":{"allow":["GET"]}}],"collection":[{"href":"https:\/\/grupotextil.es\/ca\/wp-json\/wp\/v2\/product"}],"about":[{"href":"https:\/\/grupotextil.es\/ca\/wp-json\/wp\/v2\/types\/product"}],"replies":[{"embeddable":true,"href":"https:\/\/grupotextil.es\/ca\/wp-json\/wp\/v2\/comments?post=226863"}],"wp:featuredmedia":[{"embeddable":true,"href":"https:\/\/grupotextil.es\/ca\/wp-json\/wp\/v2\/media\/234859"}],"wp:attachment":[{"href":"https:\/\/grupotextil.es\/ca\/wp-json\/wp\/v2\/media?parent=226863"}],"wp:term":[{"taxonomy":"product_brand","embeddable":true,"href":"https:\/\/grupotextil.es\/ca\/wp-json\/wp\/v2\/product_brand?post=226863"},{"taxonomy":"product_cat","embeddable":true,"href":"https:\/\/grupotextil.es\/ca\/wp-json\/wp\/v2\/product_cat?post=226863"},{"taxonomy":"product_tag","embeddable":true,"href":"https:\/\/grupotextil.es\/ca\/wp-json\/wp\/v2\/product_tag?post=226863"}],"curies":[{"name":"wp","href":"https:\/\/api.w.org\/{rel}","templated":true}]}}