{"id":226910,"date":"2026-03-04T06:29:23","date_gmt":"2026-03-04T05:29:23","guid":{"rendered":"https:\/\/grupotextil.es\/producto\/5526-shorts\/"},"modified":"2026-04-26T04:05:33","modified_gmt":"2026-04-26T02:05:33","slug":"5526-shorts","status":"publish","type":"product","link":"https:\/\/grupotextil.es\/ca\/product\/5526-shorts\/","title":{"rendered":"5526 SHORTS"},"content":{"rendered":"<p>Pantalones cortos de poli\u00e9ster\/algod\u00f3n con refuerzos en la parte delantera de los muslos para una mayor durabilidad. Bolsillos laterales en ambos lados, uno con bolsillos adicionales y otro con presillas para herramientas. Bolsillos en la pierna, en el lado izquierdo bolsillo con solapa y cierre de bot\u00f3n a presi\u00f3n, bolsillo interno para m\u00f3vil y gancho para tarjeta de identificaci\u00f3n. En el lado derecho bolsillo para cinta m\u00e9trica y bolsillo con bot\u00f3n para herramientas. Bolsillos traseros extra anchos. Dos trabillas ajustables para martillo. D-Ring en cintura. Los bolsillos de la funda est\u00e1n reforzados con Cordura\u00ae para una mayor durabilidad.<\/p>\n<p><strong>Composici\u00f3n:<\/strong> 65% Poli\u00e9ster, 35% algod\u00f3n &#8211; 245 g\/m2 Refuerzos: 100% poliamida, Cordura\u00ae | <strong>Peso:<\/strong> 245 g\/m\u00b2 | <strong>Tallas:<\/strong> C44-C62<\/p>","protected":false},"excerpt":{"rendered":"<p>Pantalones cortos de poli\u00e9ster\/algod\u00f3n con refuerzos en la parte delantera de los muslos para una mayor durabilidad. Bolsillos laterales en ambos lados, uno con bolsillos adicionales y otro con presillas para herramientas. Bolsillos en la pierna, en<\/p>","protected":false},"featured_media":234882,"comment_status":"open","ping_status":"closed","template":"","meta":{"_acf_changed":false},"product_brand":[10531],"product_cat":[13983],"product_tag":[],"class_list":{"0":"post-226910","1":"product","2":"type-product","3":"status-publish","4":"has-post-thumbnail","6":"product_brand-projob","7":"product_cat-h-pantalones","8":"tm-no-options","10":"first","11":"instock","12":"taxable","13":"shipping-taxable","14":"product-type-variable"},"acf":[],"_links":{"self":[{"href":"https:\/\/grupotextil.es\/ca\/wp-json\/wp\/v2\/product\/226910","targetHints":{"allow":["GET"]}}],"collection":[{"href":"https:\/\/grupotextil.es\/ca\/wp-json\/wp\/v2\/product"}],"about":[{"href":"https:\/\/grupotextil.es\/ca\/wp-json\/wp\/v2\/types\/product"}],"replies":[{"embeddable":true,"href":"https:\/\/grupotextil.es\/ca\/wp-json\/wp\/v2\/comments?post=226910"}],"wp:featuredmedia":[{"embeddable":true,"href":"https:\/\/grupotextil.es\/ca\/wp-json\/wp\/v2\/media\/234882"}],"wp:attachment":[{"href":"https:\/\/grupotextil.es\/ca\/wp-json\/wp\/v2\/media?parent=226910"}],"wp:term":[{"taxonomy":"product_brand","embeddable":true,"href":"https:\/\/grupotextil.es\/ca\/wp-json\/wp\/v2\/product_brand?post=226910"},{"taxonomy":"product_cat","embeddable":true,"href":"https:\/\/grupotextil.es\/ca\/wp-json\/wp\/v2\/product_cat?post=226910"},{"taxonomy":"product_tag","embeddable":true,"href":"https:\/\/grupotextil.es\/ca\/wp-json\/wp\/v2\/product_tag?post=226910"}],"curies":[{"name":"wp","href":"https:\/\/api.w.org\/{rel}","templated":true}]}}