{"id":226998,"date":"2026-03-04T06:30:17","date_gmt":"2026-03-04T05:30:17","guid":{"rendered":"https:\/\/grupotextil.es\/producto\/classic-rain-jacket\/"},"modified":"2026-04-26T04:05:34","modified_gmt":"2026-04-26T02:05:34","slug":"classic-rain-jacket","status":"publish","type":"product","link":"https:\/\/grupotextil.es\/ca\/product\/classic-rain-jacket\/","title":{"rendered":"Classic Rain Jacket"},"content":{"rendered":"<p>Chubasquero cl\u00e1sico con botones met\u00e1licos a presi\u00f3n. Capucha ajustable con tope. 2 bolsillos frontales con solapa. Costuras selladas,<\/p>\n<p><strong>Composici\u00f3n:<\/strong> 100% poli\u00e9ster con poliuret\u00e1no. WP 8000. | <strong>Peso:<\/strong> 136 g\/m2 | <strong>Tallas:<\/strong> S-4XL<\/p>","protected":false},"excerpt":{"rendered":"<p>Chubasquero cl\u00e1sico con botones met\u00e1licos a presi\u00f3n. Capucha ajustable con tope. 2 bolsillos frontales con solapa. Costuras selladas,<\/p>","protected":false},"featured_media":234931,"comment_status":"open","ping_status":"closed","template":"","meta":{"_acf_changed":false},"product_brand":[10446],"product_cat":[13998,15137],"product_tag":[],"class_list":{"0":"post-226998","1":"product","2":"type-product","3":"status-publish","4":"has-post-thumbnail","6":"product_brand-clique","7":"product_cat-n-chaquetas","8":"product_cat-hombre-unisex-mujer","9":"tm-no-options","11":"first","12":"instock","13":"taxable","14":"shipping-taxable","15":"product-type-variable"},"acf":[],"_links":{"self":[{"href":"https:\/\/grupotextil.es\/ca\/wp-json\/wp\/v2\/product\/226998","targetHints":{"allow":["GET"]}}],"collection":[{"href":"https:\/\/grupotextil.es\/ca\/wp-json\/wp\/v2\/product"}],"about":[{"href":"https:\/\/grupotextil.es\/ca\/wp-json\/wp\/v2\/types\/product"}],"replies":[{"embeddable":true,"href":"https:\/\/grupotextil.es\/ca\/wp-json\/wp\/v2\/comments?post=226998"}],"wp:featuredmedia":[{"embeddable":true,"href":"https:\/\/grupotextil.es\/ca\/wp-json\/wp\/v2\/media\/234931"}],"wp:attachment":[{"href":"https:\/\/grupotextil.es\/ca\/wp-json\/wp\/v2\/media?parent=226998"}],"wp:term":[{"taxonomy":"product_brand","embeddable":true,"href":"https:\/\/grupotextil.es\/ca\/wp-json\/wp\/v2\/product_brand?post=226998"},{"taxonomy":"product_cat","embeddable":true,"href":"https:\/\/grupotextil.es\/ca\/wp-json\/wp\/v2\/product_cat?post=226998"},{"taxonomy":"product_tag","embeddable":true,"href":"https:\/\/grupotextil.es\/ca\/wp-json\/wp\/v2\/product_tag?post=226998"}],"curies":[{"name":"wp","href":"https:\/\/api.w.org\/{rel}","templated":true}]}}