{"id":227039,"date":"2026-03-04T06:30:43","date_gmt":"2026-03-04T05:30:43","guid":{"rendered":"https:\/\/grupotextil.es\/producto\/um-full-zip-hoodie-ocs-rcs-regular-fit-unisex\/"},"modified":"2026-04-19T04:06:42","modified_gmt":"2026-04-19T02:06:42","slug":"um-full-zip-hoodie-ocs-rcs-regular-fit-unisex","status":"publish","type":"product","link":"https:\/\/grupotextil.es\/ca\/product\/um-full-zip-hoodie-ocs-rcs-regular-fit-unisex\/","title":{"rendered":"UM Full Zip Hoodie (OCS-RCS) \nRegular Fit Unisex"},"content":{"rendered":"<p>Esta sudadera con capucha y cremallera completa unisex est\u00e1 confeccionada con una mezcla de algod\u00f3n org\u00e1nico y poli\u00e9ster reciclado, lo que le confiere un ajuste suave y c\u00f3modo con un peso de tejido de 350 g\/m\u00b2. Cuenta con capucha ajustable con cord\u00f3n, pu\u00f1os y dobladillo inferior acanalados 2&#215;1. La sudadera est\u00e1 lavada con enzimas para lograr un tacto suave y desgastado.<\/p>\n<ul>\n<li>Dise\u00f1ada cuidadosamente seg\u00fan los principios de ECODESIGN para facilitar su reciclaje al final de su vida \u00fatil.<\/li>\n<li>Cremallera met\u00e1lica YKK duradera con cinta fabricada con materiales reciclados.<\/li>\n<li>La prenda est\u00e1 cosida con hilo EcoVerde, fabricado con poli\u00e9ster 100 % reciclado.<\/li>\n<li>El tejido es algod\u00f3n de cultivo ecol\u00f3gico con certificaci\u00f3n OCS y poli\u00e9ster reciclado con certificaci\u00f3n RCS.<\/li>\n<li>Certificado OEKO-TEX\u00ae MADE IN GREEN, lo que garantiza la seguridad, la transparencia y la producci\u00f3n responsable. (OEKO-TEX STANDARD 100 + OEKO-TEX STeP)<\/li>\n<li>Aprobado por PETA como vegano, lo que demuestra que no se han utilizado materiales de origen animal.<\/li>\n<li>Escanea el c\u00f3digo QR que se encuentra dentro de la prenda o en la p\u00e1gina web para desbloquear el PASAPORTE DIGITAL DEL PRODUCTO.<\/li>\n<\/ul>\n<p><strong>Composici\u00f3n:<\/strong> Tejido exterior<\/p>\n<p>Colores \u00fanicos:<br \/>\n80% algod\u00f3n org\u00e1nico certificado por OCS<br \/>\n20% poli\u00e9ster reciclado certificado por RCS<br \/>\nCertificado por CERES-1725<\/p>\n<p>Gris jaspeado:<br \/>\n74% algod\u00f3n org\u00e1nico certificado por OCS<br \/>\n20% poli\u00e9ster reciclado certificado por RCS<br \/>\n6% viscosa<br \/>\nCertificado por CERES-1725 | <strong>Peso:<\/strong> 350 g\/m\u00b2 | <strong>Tallas:<\/strong> XXS-5XL<\/p>","protected":false},"excerpt":{"rendered":"<p>Esta sudadera con capucha y cremallera completa unisex est\u00e1 confeccionada con una mezcla de algod\u00f3n org\u00e1nico y poli\u00e9ster reciclado, lo que le confiere un ajuste suave y c\u00f3modo con un peso de tejido de 350 g\/m\u00b2. Cuenta con capucha ajustable con cord\u00f3n<\/p>","protected":false},"featured_media":234955,"comment_status":"open","ping_status":"closed","template":"","meta":{"_acf_changed":false},"product_brand":[10501],"product_cat":[15147],"product_tag":[],"class_list":{"0":"post-227039","1":"product","2":"type-product","3":"status-publish","4":"has-post-thumbnail","6":"product_brand-untagged-movement","7":"product_cat-new-wave","8":"tm-no-options","10":"first","11":"instock","12":"taxable","13":"shipping-taxable","14":"product-type-variable"},"acf":[],"_links":{"self":[{"href":"https:\/\/grupotextil.es\/ca\/wp-json\/wp\/v2\/product\/227039","targetHints":{"allow":["GET"]}}],"collection":[{"href":"https:\/\/grupotextil.es\/ca\/wp-json\/wp\/v2\/product"}],"about":[{"href":"https:\/\/grupotextil.es\/ca\/wp-json\/wp\/v2\/types\/product"}],"replies":[{"embeddable":true,"href":"https:\/\/grupotextil.es\/ca\/wp-json\/wp\/v2\/comments?post=227039"}],"wp:featuredmedia":[{"embeddable":true,"href":"https:\/\/grupotextil.es\/ca\/wp-json\/wp\/v2\/media\/234955"}],"wp:attachment":[{"href":"https:\/\/grupotextil.es\/ca\/wp-json\/wp\/v2\/media?parent=227039"}],"wp:term":[{"taxonomy":"product_brand","embeddable":true,"href":"https:\/\/grupotextil.es\/ca\/wp-json\/wp\/v2\/product_brand?post=227039"},{"taxonomy":"product_cat","embeddable":true,"href":"https:\/\/grupotextil.es\/ca\/wp-json\/wp\/v2\/product_cat?post=227039"},{"taxonomy":"product_tag","embeddable":true,"href":"https:\/\/grupotextil.es\/ca\/wp-json\/wp\/v2\/product_tag?post=227039"}],"curies":[{"name":"wp","href":"https:\/\/api.w.org\/{rel}","templated":true}]}}