{"id":227078,"date":"2026-03-04T06:31:09","date_gmt":"2026-03-04T05:31:09","guid":{"rendered":"https:\/\/grupotextil.es\/producto\/5550-pantalon-tecnico\/"},"modified":"2026-04-19T04:06:42","modified_gmt":"2026-04-19T02:06:42","slug":"5550-pantalon-tecnico","status":"publish","type":"product","link":"https:\/\/grupotextil.es\/ca\/product\/5550-pantalon-tecnico\/","title":{"rendered":"5550 PANTAL\u00d3N T\u00c9CNICO"},"content":{"rendered":"<p>Pantalones con la m\u00e1xima libertad de movimiento y confort. Ajuste moderno. El\u00e1stico en muslos y rodillas, ventilaci\u00f3n con cremalleras a lo largo de ambas piernas y en cintura. Bolsillos izquierdos para herramientas y bol\u00edgrafos y otro para m\u00f3vil con cierre de Velcro con enganche para tarjeta identificativa. En el lado derecho para cinta m\u00e9trica. Dos enganches. Bolsillos extra\u00edbles ProJob. Posibilidad de adjuntar sistema MOLLE en ambos lados. Detalles reflectantes para incrementar visibilidad. Ajustables en piernas. Rodillas pre-curvadas. bolsillos interiores para protecci\u00f3n en rodillas. Bolsillos extraibles y final de pierna reforzados con Cordura\u00ae, rodillas reforzadas con kevlar el\u00e1stico para incrementar durabilidad y confort.<\/p>\n<p><strong>Composici\u00f3n:<\/strong> Tejido 1: 65% poli\u00e9ster, 35% algod\u00f3n 270 g\/m2 Tejido 2: 91% nylon, 9% spandex rib stop 248 g\/m2 Tejido 3: 91,5% nylon, 8,5% spandex 245 g\/m2 Tejido 4: 96% nylon, 4% elastano 238 g\/m2 Refuerzos: 100% Cordura\u00ae, Kevlar | <strong>Peso:<\/strong> 270 g\/m2 | <strong>Tallas:<\/strong> C44-D120<\/p>","protected":false},"excerpt":{"rendered":"<p>Pantalones con la m\u00e1xima libertad de movimiento y confort. Ajuste moderno. El\u00e1stico en muslos y rodillas, ventilaci\u00f3n con cremalleras a lo largo de ambas piernas y en cintura. Bolsillos izquierdos para herramientas y bol\u00edgrafos y otro para m\u00f3vil con<\/p>","protected":false},"featured_media":234969,"comment_status":"open","ping_status":"closed","template":"","meta":{"_acf_changed":false},"product_brand":[10531],"product_cat":[13983],"product_tag":[],"class_list":{"0":"post-227078","1":"product","2":"type-product","3":"status-publish","4":"has-post-thumbnail","6":"product_brand-projob","7":"product_cat-h-pantalones","8":"tm-no-options","10":"first","11":"instock","12":"taxable","13":"shipping-taxable","14":"product-type-variable"},"acf":[],"_links":{"self":[{"href":"https:\/\/grupotextil.es\/ca\/wp-json\/wp\/v2\/product\/227078","targetHints":{"allow":["GET"]}}],"collection":[{"href":"https:\/\/grupotextil.es\/ca\/wp-json\/wp\/v2\/product"}],"about":[{"href":"https:\/\/grupotextil.es\/ca\/wp-json\/wp\/v2\/types\/product"}],"replies":[{"embeddable":true,"href":"https:\/\/grupotextil.es\/ca\/wp-json\/wp\/v2\/comments?post=227078"}],"wp:featuredmedia":[{"embeddable":true,"href":"https:\/\/grupotextil.es\/ca\/wp-json\/wp\/v2\/media\/234969"}],"wp:attachment":[{"href":"https:\/\/grupotextil.es\/ca\/wp-json\/wp\/v2\/media?parent=227078"}],"wp:term":[{"taxonomy":"product_brand","embeddable":true,"href":"https:\/\/grupotextil.es\/ca\/wp-json\/wp\/v2\/product_brand?post=227078"},{"taxonomy":"product_cat","embeddable":true,"href":"https:\/\/grupotextil.es\/ca\/wp-json\/wp\/v2\/product_cat?post=227078"},{"taxonomy":"product_tag","embeddable":true,"href":"https:\/\/grupotextil.es\/ca\/wp-json\/wp\/v2\/product_tag?post=227078"}],"curies":[{"name":"wp","href":"https:\/\/api.w.org\/{rel}","templated":true}]}}