{"id":227115,"date":"2026-03-04T06:31:30","date_gmt":"2026-03-04T05:31:30","guid":{"rendered":"https:\/\/grupotextil.es\/producto\/prime-t\/"},"modified":"2026-04-19T04:06:42","modified_gmt":"2026-04-19T02:06:42","slug":"prime-t","status":"publish","type":"product","link":"https:\/\/grupotextil.es\/ca\/product\/prime-t\/","title":{"rendered":"Prime T"},"content":{"rendered":"<p>Camiseta bicolor de corte moderno. Elastano en el cuello. Cuello con cuatro capas para mayor estabilidad. Etiqueta en cuello f\u00e1cil de quitar y etiqueta con talla  por separado. El tejido es ring-spun y tratado con un lavado enzim\u00e1tico que preencoge el material y le confiere un tacto suave. Certificado Oeko-Tex 100. Este art\u00edculo se presenta en una bolsa de polietileno biodegradable y compostable.<\/p>\n<p><strong>Composici\u00f3n:<\/strong> 60% algod\u00f3n org\u00e1nico, 40% poli\u00e9ster reciclado, 180 g\/m\u00b2 | <strong>Peso:<\/strong> 180 g\/m\u00b2 | <strong>Tallas:<\/strong> S-5XL<\/p>","protected":false},"excerpt":{"rendered":"<p>Camiseta bicolor de corte moderno. Elastano en el cuello. Cuello con cuatro capas para mayor estabilidad. Etiqueta en cuello f\u00e1cil de quitar y etiqueta con talla  por separado. El tejido es ring-spun y tratado con un lavado enzim\u00e1tico que preencoge e<\/p>","protected":false},"featured_media":234992,"comment_status":"open","ping_status":"closed","template":"","meta":{"_acf_changed":false},"product_brand":[10586],"product_cat":[13974,13975,13973],"product_tag":[],"class_list":{"0":"post-227115","1":"product","2":"type-product","3":"status-publish","4":"has-post-thumbnail","6":"product_brand-printer-prime","7":"product_cat-ropa-hombre","8":"product_cat-ropa-mujer","9":"product_cat-ropa","10":"tm-no-options","12":"first","13":"instock","14":"taxable","15":"shipping-taxable","16":"product-type-variable"},"acf":[],"_links":{"self":[{"href":"https:\/\/grupotextil.es\/ca\/wp-json\/wp\/v2\/product\/227115","targetHints":{"allow":["GET"]}}],"collection":[{"href":"https:\/\/grupotextil.es\/ca\/wp-json\/wp\/v2\/product"}],"about":[{"href":"https:\/\/grupotextil.es\/ca\/wp-json\/wp\/v2\/types\/product"}],"replies":[{"embeddable":true,"href":"https:\/\/grupotextil.es\/ca\/wp-json\/wp\/v2\/comments?post=227115"}],"wp:featuredmedia":[{"embeddable":true,"href":"https:\/\/grupotextil.es\/ca\/wp-json\/wp\/v2\/media\/234992"}],"wp:attachment":[{"href":"https:\/\/grupotextil.es\/ca\/wp-json\/wp\/v2\/media?parent=227115"}],"wp:term":[{"taxonomy":"product_brand","embeddable":true,"href":"https:\/\/grupotextil.es\/ca\/wp-json\/wp\/v2\/product_brand?post=227115"},{"taxonomy":"product_cat","embeddable":true,"href":"https:\/\/grupotextil.es\/ca\/wp-json\/wp\/v2\/product_cat?post=227115"},{"taxonomy":"product_tag","embeddable":true,"href":"https:\/\/grupotextil.es\/ca\/wp-json\/wp\/v2\/product_tag?post=227115"}],"curies":[{"name":"wp","href":"https:\/\/api.w.org\/{rel}","templated":true}]}}