{"id":227144,"date":"2026-03-04T06:31:47","date_gmt":"2026-03-04T05:31:47","guid":{"rendered":"https:\/\/grupotextil.es\/producto\/repel-w\/"},"modified":"2026-04-19T04:06:42","modified_gmt":"2026-04-19T02:06:42","slug":"repel-w","status":"publish","type":"product","link":"https:\/\/grupotextil.es\/ca\/product\/repel-w\/","title":{"rendered":"Repel W"},"content":{"rendered":"<p>Repel es una zapatilla de entrenamiento de alto rendimiento, vers\u00e1til y resistente al agua, que ofrece un ajuste seguro, excelente ventilaci\u00f3n y gran durabilidad para una comodidad duradera.<\/p>\n<p>Inspirada en la vers\u00e1til Xplor 2, esta zapatilla de nivel profesional ofrece un rendimiento h\u00edbrido perfecto: se siente como una zapatilla de running en asfalto y como una de trail en caminos irregulares. Adem\u00e1s, su parte superior de malla resistente al agua garantiza un ajuste ce\u00f1ido y estable para una experiencia c\u00f3moda en cada movimiento. Lo que diferencia a la Repel es la integraci\u00f3n de la tecnolog\u00eda de competici\u00f3n gravel de Vittoria, usada en campeonatos mundiales. Este dise\u00f1o innovador, inspirado en los dibujos de los neum\u00e1ticos Terreno Dry y Terreno Mix, proporciona una tracci\u00f3n y durabilidad excepcionales en cualquier terreno, gracias a sus bordes en forma de escamas de pez y su laminado progresivo, optimizados para ofrecer el m\u00e1ximo agarre cuando se termina el asfalto. Para una sensaci\u00f3n m\u00e1s suave y c\u00f3moda, la mediasuela incluye una versi\u00f3n m\u00e1s blanda de nuestra espuma reactiva y con gran retorno de energ\u00eda Px Foam\u2122.<\/p>\n<p>Px Foam\u2122<\/p>\n<p>Px Foam\u2122 es un material de mediasuela ultraligero que destaca por su retorno de energ\u00eda, absorci\u00f3n de impactos y flexibilidad. Fabricado con un \u00fanico agente espumante natural, este material innovador se produce sin agentes qu\u00edmicos de reticulaci\u00f3n, garantizando un proceso no t\u00f3xico. Adem\u00e1s, tanto los materiales en bruto como los acabados son completamente reutilizables. Esta espuma de alto rendimiento tiene una densidad extremadamente baja, lo que la hace hasta un 20\u202f% m\u00e1s ligera que la EVA tradicional. Su bajo peso combinado con un rebote explosivo convierte a Px Foam\u2122 en la opci\u00f3n perfecta para cualquier tipo de carrera.<\/p>\n<p>Suela exterior Vittoria inspirada en Terreno<\/p>\n<p>Desarrollada en colaboraci\u00f3n con el prestigioso fabricante de neum\u00e1ticos de bicicleta Vittoria, esta suela exclusiva cuenta con bordes en forma de escamas de pez y un patr\u00f3n progresivo de ranuras, inspirado en los dibujos de los neum\u00e1ticos Terreno Dry y Terreno Mix. El resultado es una suela optimizada para ofrecer velocidad fuera del entorno urbano, con una tracci\u00f3n y resistencia sobresalientes en todo tipo de superficies.<\/p>\n<p>Craft Endurance Fit\u00ae<\/p>\n<p>Craft Endurance Fit\u00ae incorpora un tal\u00f3n estrecho, sujeci\u00f3n en el mediopi\u00e9 y una puntera espaciosa. El tal\u00f3n ajustado evita el deslizamiento, proporcionando una estabilidad inigualable en cualquier tipo de terreno. El dise\u00f1o de sujeci\u00f3n en el mediopi\u00e9 garantiza un ajuste firme que transmite confianza en cada paso. Adem\u00e1s, la parte delantera espaciosa permite un movimiento natural de los dedos y la parte delantera del pie, mejorando a\u00fan m\u00e1s la comodidad.<\/p>\n<p>Detalles del producto:<\/p>\n<p>\u2022 Parte superior de malla resistente al agua<\/p>\n<p>\u2022 Mediasuela Px Foam\u2122: retorno de energ\u00eda superior<\/p>\n<p>\u2022 Chasis contorneado para reducir el peso y ofrecer mayor comodidad<\/p>\n<p>\u2022 Suela exterior Vittoria con tracci\u00f3n inspirada en los neum\u00e1ticos de MTB Terreno<\/p>\n<p>\u2022 Leng\u00fceta de malla acolchada con refuerzos laterales<\/p>\n<p>\u2022 Craft Endurance Fit\u00ae<\/p>\n<p>\u2022 Peso: 275 g en talla UK6<\/p>\n<p>\u2022 Tal\u00f3n: 38,5 mm, antepi\u00e9: 32,5 mm (incluye plantilla)<\/p>\n<p>\u2022 Drop: 6 mm<\/p>\n<p><strong>Composici\u00f3n:<\/strong> Upper 52% Poli\u00e9ster reciclado, 46% Poli\u00e9ster, 2% Spandex Padding, 100% Poliuretano, Lining 100% Poli\u00e9ster reciclado, Laces 100% Poli\u00e9ster reciclado, Insole Board 100% Poli\u00e9ster, Insole 70% Poliamida, 30% Poli\u00e9ster reciclado, Midsole 100% ETPU Foam, Midsole insert 100% Poliamida, Outsole 100% Rubber | <strong>Tallas:<\/strong> 3 (35,5)-9 (43,5)<\/p>","protected":false},"excerpt":{"rendered":"<p>Repel es una zapatilla de entrenamiento de alto rendimiento, vers\u00e1til y resistente al agua, que ofrece un ajuste seguro, excelente ventilaci\u00f3n y gran durabilidad para una comodidad duradera.<\/p>","protected":false},"featured_media":235008,"comment_status":"open","ping_status":"closed","template":"","meta":{"_acf_changed":false},"product_brand":[10489],"product_cat":[15142],"product_tag":[],"class_list":{"0":"post-227144","1":"product","2":"type-product","3":"status-publish","4":"has-post-thumbnail","6":"product_brand-craft","7":"product_cat-calzado","8":"tm-no-options","10":"first","11":"instock","12":"taxable","13":"shipping-taxable","14":"product-type-variable"},"acf":[],"_links":{"self":[{"href":"https:\/\/grupotextil.es\/ca\/wp-json\/wp\/v2\/product\/227144","targetHints":{"allow":["GET"]}}],"collection":[{"href":"https:\/\/grupotextil.es\/ca\/wp-json\/wp\/v2\/product"}],"about":[{"href":"https:\/\/grupotextil.es\/ca\/wp-json\/wp\/v2\/types\/product"}],"replies":[{"embeddable":true,"href":"https:\/\/grupotextil.es\/ca\/wp-json\/wp\/v2\/comments?post=227144"}],"wp:featuredmedia":[{"embeddable":true,"href":"https:\/\/grupotextil.es\/ca\/wp-json\/wp\/v2\/media\/235008"}],"wp:attachment":[{"href":"https:\/\/grupotextil.es\/ca\/wp-json\/wp\/v2\/media?parent=227144"}],"wp:term":[{"taxonomy":"product_brand","embeddable":true,"href":"https:\/\/grupotextil.es\/ca\/wp-json\/wp\/v2\/product_brand?post=227144"},{"taxonomy":"product_cat","embeddable":true,"href":"https:\/\/grupotextil.es\/ca\/wp-json\/wp\/v2\/product_cat?post=227144"},{"taxonomy":"product_tag","embeddable":true,"href":"https:\/\/grupotextil.es\/ca\/wp-json\/wp\/v2\/product_tag?post=227144"}],"curies":[{"name":"wp","href":"https:\/\/api.w.org\/{rel}","templated":true}]}}