{"id":227220,"date":"2026-03-04T06:32:41","date_gmt":"2026-03-04T05:32:41","guid":{"rendered":"https:\/\/grupotextil.es\/producto\/ambition-half-zip\/"},"modified":"2026-04-19T04:06:43","modified_gmt":"2026-04-19T02:06:43","slug":"ambition-half-zip","status":"publish","type":"product","link":"https:\/\/grupotextil.es\/ca\/product\/ambition-half-zip\/","title":{"rendered":"Ambition Half Zip"},"content":{"rendered":"<p>Sudadera unisex media cremallera a contraste para mayor visibilidad. Confeccionado con poli\u00e9ster reciclado con tacto de algod\u00f3n. Bolsillo lateral oculto con cremallera. Canal\u00e9 en pu\u00f1os y cintura. De f\u00e1cil reetiquetado.<\/p>\n<p><strong>Composici\u00f3n:<\/strong> 100% Poli\u00e9ster reciclado | <strong>Peso:<\/strong> 280 g\/m2 | <strong>Tallas:<\/strong> XS-5XL<\/p>","protected":false},"excerpt":{"rendered":"<p>Sudadera unisex media cremallera a contraste para mayor visibilidad. Confeccionado con poli\u00e9ster reciclado con tacto de algod\u00f3n. Bolsillo lateral oculto con cremallera. Canal\u00e9 en pu\u00f1os y cintura. De f\u00e1cil reetiquetado.<\/p>","protected":false},"featured_media":235051,"comment_status":"open","ping_status":"closed","template":"","meta":{"_acf_changed":false},"product_brand":[10446],"product_cat":[15137,13980],"product_tag":[],"class_list":{"0":"post-227220","1":"product","2":"type-product","3":"status-publish","4":"has-post-thumbnail","6":"product_brand-clique","7":"product_cat-hombre-unisex-mujer","8":"product_cat-h-sudaderas","9":"tm-no-options","11":"first","12":"instock","13":"taxable","14":"shipping-taxable","15":"product-type-variable"},"acf":[],"_links":{"self":[{"href":"https:\/\/grupotextil.es\/ca\/wp-json\/wp\/v2\/product\/227220","targetHints":{"allow":["GET"]}}],"collection":[{"href":"https:\/\/grupotextil.es\/ca\/wp-json\/wp\/v2\/product"}],"about":[{"href":"https:\/\/grupotextil.es\/ca\/wp-json\/wp\/v2\/types\/product"}],"replies":[{"embeddable":true,"href":"https:\/\/grupotextil.es\/ca\/wp-json\/wp\/v2\/comments?post=227220"}],"wp:featuredmedia":[{"embeddable":true,"href":"https:\/\/grupotextil.es\/ca\/wp-json\/wp\/v2\/media\/235051"}],"wp:attachment":[{"href":"https:\/\/grupotextil.es\/ca\/wp-json\/wp\/v2\/media?parent=227220"}],"wp:term":[{"taxonomy":"product_brand","embeddable":true,"href":"https:\/\/grupotextil.es\/ca\/wp-json\/wp\/v2\/product_brand?post=227220"},{"taxonomy":"product_cat","embeddable":true,"href":"https:\/\/grupotextil.es\/ca\/wp-json\/wp\/v2\/product_cat?post=227220"},{"taxonomy":"product_tag","embeddable":true,"href":"https:\/\/grupotextil.es\/ca\/wp-json\/wp\/v2\/product_tag?post=227220"}],"curies":[{"name":"wp","href":"https:\/\/api.w.org\/{rel}","templated":true}]}}