{"id":227364,"date":"2026-03-04T06:34:11","date_gmt":"2026-03-04T05:34:11","guid":{"rendered":"https:\/\/grupotextil.es\/producto\/3510-pantalon-termico-de-mujer\/"},"modified":"2026-04-19T04:06:43","modified_gmt":"2026-04-19T02:06:43","slug":"3510-pantalon-termico-de-mujer","status":"publish","type":"product","link":"https:\/\/grupotextil.es\/ca\/product\/3510-pantalon-termico-de-mujer\/","title":{"rendered":"3510 PANTAL\u00d3N T\u00c9RMICO DE MUJER"},"content":{"rendered":"<p>Pantal\u00f3n t\u00e9rmico de mujer en lana Merino que mantiene el cuerpo c\u00e1lido y seco en condiciones clim\u00e1ticas fr\u00edas. Tejido suave y el\u00e1stico para una mayor libertad de movimientos.<\/p>\n<p><strong>Composici\u00f3n:<\/strong> Tejido 1: 100% Lana Merino  Tejido 2: 94% poli\u00e9ster, 6% poliamida | <strong>Peso:<\/strong> 200 g\/m2 | <strong>Tallas:<\/strong> XS-3XL<\/p>","protected":false},"excerpt":{"rendered":"<p>Pantal\u00f3n t\u00e9rmico de mujer en lana Merino que mantiene el cuerpo c\u00e1lido y seco en condiciones clim\u00e1ticas fr\u00edas. Tejido suave y el\u00e1stico para una mayor libertad de movimientos.<\/p>","protected":false},"featured_media":235127,"comment_status":"open","ping_status":"closed","template":"","meta":{"_acf_changed":false},"product_brand":[10531],"product_cat":[15147],"product_tag":[],"class_list":{"0":"post-227364","1":"product","2":"type-product","3":"status-publish","4":"has-post-thumbnail","6":"product_brand-projob","7":"product_cat-new-wave","8":"tm-no-options","10":"first","11":"instock","12":"taxable","13":"shipping-taxable","14":"product-type-variable"},"acf":[],"_links":{"self":[{"href":"https:\/\/grupotextil.es\/ca\/wp-json\/wp\/v2\/product\/227364","targetHints":{"allow":["GET"]}}],"collection":[{"href":"https:\/\/grupotextil.es\/ca\/wp-json\/wp\/v2\/product"}],"about":[{"href":"https:\/\/grupotextil.es\/ca\/wp-json\/wp\/v2\/types\/product"}],"replies":[{"embeddable":true,"href":"https:\/\/grupotextil.es\/ca\/wp-json\/wp\/v2\/comments?post=227364"}],"wp:featuredmedia":[{"embeddable":true,"href":"https:\/\/grupotextil.es\/ca\/wp-json\/wp\/v2\/media\/235127"}],"wp:attachment":[{"href":"https:\/\/grupotextil.es\/ca\/wp-json\/wp\/v2\/media?parent=227364"}],"wp:term":[{"taxonomy":"product_brand","embeddable":true,"href":"https:\/\/grupotextil.es\/ca\/wp-json\/wp\/v2\/product_brand?post=227364"},{"taxonomy":"product_cat","embeddable":true,"href":"https:\/\/grupotextil.es\/ca\/wp-json\/wp\/v2\/product_cat?post=227364"},{"taxonomy":"product_tag","embeddable":true,"href":"https:\/\/grupotextil.es\/ca\/wp-json\/wp\/v2\/product_tag?post=227364"}],"curies":[{"name":"wp","href":"https:\/\/api.w.org\/{rel}","templated":true}]}}