{"id":227367,"date":"2026-03-04T06:34:12","date_gmt":"2026-03-04T05:34:12","guid":{"rendered":"https:\/\/grupotextil.es\/producto\/6525-pantalon-extreme-clase-1\/"},"modified":"2026-04-19T04:06:43","modified_gmt":"2026-04-19T02:06:43","slug":"6525-pantalon-extreme-clase-1","status":"publish","type":"product","link":"https:\/\/grupotextil.es\/ca\/product\/6525-pantalon-extreme-clase-1\/","title":{"rendered":"6525 PANTAL\u00d3N EXTREME CLASE 1"},"content":{"rendered":"<p>Pantal\u00f3n con canes\u00fa acolchado ergon\u00f3mico en la espalda para un confort \u00f3ptimo. Tejido el\u00e1stico en la entrepierna para mayor comodidad. Bolsillos con compartimentos adicionales y refuerzo interno de Cordura\u00ae. Bolsillos en la pierna, en el lado izquierdo bolsillo con solapa y cierre de bot\u00f3n a presi\u00f3n, bolsillo interno para m\u00f3vil y gancho para tarjeta de identificaci\u00f3n. En el lado derecho bolsillo para cinta m\u00e9trica y bolsillo con bot\u00f3n para herramientas. Bolsillos traseros con anchura extra, solapa en el izquierdo. Dos trabillas ajustables para martillo, una a cada lado. D-Ring en cintura. Rodillas precurvadas reforzadas con Kevlar, bolsillos internos para protectores de rodilla, ajustables a dos niveles de altura. Los bolsillos tipo funda y la parte trasera de los dobladillos de las piernas est\u00e1n reforzados con Cordura\u00ae, las rodillas est\u00e1n reforzadas con Kevlar para una mayor durabilidad.<\/p>\n<p><strong>Composici\u00f3n:<\/strong> 60% Algod\u00f3n, 40% poli\u00e9ster. Refuerzos: 100% poliamida, Cordura\u00ae &#8211; 360 g\/m2 | <strong>Peso:<\/strong> 360 g\/m2 | <strong>Tallas:<\/strong> C44-C62<\/p>","protected":false},"excerpt":{"rendered":"<p>Pantal\u00f3n con canes\u00fa acolchado ergon\u00f3mico en la espalda para un confort \u00f3ptimo. Tejido el\u00e1stico en la entrepierna para mayor comodidad. Bolsillos con compartimentos adicionales y refuerzo interno de Cordura\u00ae. Bolsillos en la pierna, en el lado izquier<\/p>","protected":false},"featured_media":235129,"comment_status":"open","ping_status":"closed","template":"","meta":{"_acf_changed":false},"product_brand":[10531],"product_cat":[13983],"product_tag":[],"class_list":{"0":"post-227367","1":"product","2":"type-product","3":"status-publish","4":"has-post-thumbnail","6":"product_brand-projob","7":"product_cat-h-pantalones","8":"tm-no-options","10":"first","11":"instock","12":"taxable","13":"shipping-taxable","14":"product-type-variable"},"acf":[],"_links":{"self":[{"href":"https:\/\/grupotextil.es\/ca\/wp-json\/wp\/v2\/product\/227367","targetHints":{"allow":["GET"]}}],"collection":[{"href":"https:\/\/grupotextil.es\/ca\/wp-json\/wp\/v2\/product"}],"about":[{"href":"https:\/\/grupotextil.es\/ca\/wp-json\/wp\/v2\/types\/product"}],"replies":[{"embeddable":true,"href":"https:\/\/grupotextil.es\/ca\/wp-json\/wp\/v2\/comments?post=227367"}],"wp:featuredmedia":[{"embeddable":true,"href":"https:\/\/grupotextil.es\/ca\/wp-json\/wp\/v2\/media\/235129"}],"wp:attachment":[{"href":"https:\/\/grupotextil.es\/ca\/wp-json\/wp\/v2\/media?parent=227367"}],"wp:term":[{"taxonomy":"product_brand","embeddable":true,"href":"https:\/\/grupotextil.es\/ca\/wp-json\/wp\/v2\/product_brand?post=227367"},{"taxonomy":"product_cat","embeddable":true,"href":"https:\/\/grupotextil.es\/ca\/wp-json\/wp\/v2\/product_cat?post=227367"},{"taxonomy":"product_tag","embeddable":true,"href":"https:\/\/grupotextil.es\/ca\/wp-json\/wp\/v2\/product_tag?post=227367"}],"curies":[{"name":"wp","href":"https:\/\/api.w.org\/{rel}","templated":true}]}}