{"id":227383,"date":"2026-03-04T06:34:21","date_gmt":"2026-03-04T05:34:21","guid":{"rendered":"https:\/\/grupotextil.es\/producto\/eskie\/"},"modified":"2026-04-19T04:06:44","modified_gmt":"2026-04-19T02:06:44","slug":"eskie","status":"publish","type":"product","link":"https:\/\/grupotextil.es\/ca\/product\/eskie\/","title":{"rendered":"Eskie"},"content":{"rendered":"<p>Parka unisex con relleno grueso. Capucha desmontable y ajustable. Mangas precurvadas para facilitar el movimiento. Cuatro bolsillos exteriores con cremalleras impermeables y dos bolsillos exteriores con imanes. Un bolsillo de seguridad oculto con una soluci\u00f3n para auriculares en el interior de la tapeta. Dos bolsillos interiores con cremallera y dos bolsillos interiores de malla. Cord\u00f3n en cintura y bajo. Pu\u00f1os ajustables con velcro con pu\u00f1o interior de canal\u00e9 2&#215;2 en manga. Incluye cremallera bordada.<\/p>\n<p><strong>Composici\u00f3n:<\/strong> 100% Nylon; full dull taslon; 70D*320D + PU revestimiento transparente. WP 5000\/MVP 3000 | <strong>Tallas:<\/strong> XS-3XL<\/p>","protected":false},"excerpt":{"rendered":"<p>Parka unisex con relleno grueso. Capucha desmontable y ajustable. Mangas precurvadas para facilitar el movimiento. Cuatro bolsillos exteriores con cremalleras impermeables y dos bolsillos exteriores con imanes. Un bolsillo de seguridad oculto con una<\/p>","protected":false},"featured_media":235139,"comment_status":"open","ping_status":"closed","template":"","meta":{"_acf_changed":false},"product_brand":[10446],"product_cat":[13998,15137],"product_tag":[],"class_list":{"0":"post-227383","1":"product","2":"type-product","3":"status-publish","4":"has-post-thumbnail","6":"product_brand-clique","7":"product_cat-n-chaquetas","8":"product_cat-hombre-unisex-mujer","9":"tm-no-options","11":"first","12":"instock","13":"taxable","14":"shipping-taxable","15":"product-type-variable"},"acf":[],"_links":{"self":[{"href":"https:\/\/grupotextil.es\/ca\/wp-json\/wp\/v2\/product\/227383","targetHints":{"allow":["GET"]}}],"collection":[{"href":"https:\/\/grupotextil.es\/ca\/wp-json\/wp\/v2\/product"}],"about":[{"href":"https:\/\/grupotextil.es\/ca\/wp-json\/wp\/v2\/types\/product"}],"replies":[{"embeddable":true,"href":"https:\/\/grupotextil.es\/ca\/wp-json\/wp\/v2\/comments?post=227383"}],"wp:featuredmedia":[{"embeddable":true,"href":"https:\/\/grupotextil.es\/ca\/wp-json\/wp\/v2\/media\/235139"}],"wp:attachment":[{"href":"https:\/\/grupotextil.es\/ca\/wp-json\/wp\/v2\/media?parent=227383"}],"wp:term":[{"taxonomy":"product_brand","embeddable":true,"href":"https:\/\/grupotextil.es\/ca\/wp-json\/wp\/v2\/product_brand?post=227383"},{"taxonomy":"product_cat","embeddable":true,"href":"https:\/\/grupotextil.es\/ca\/wp-json\/wp\/v2\/product_cat?post=227383"},{"taxonomy":"product_tag","embeddable":true,"href":"https:\/\/grupotextil.es\/ca\/wp-json\/wp\/v2\/product_tag?post=227383"}],"curies":[{"name":"wp","href":"https:\/\/api.w.org\/{rel}","templated":true}]}}