{"id":227529,"date":"2026-03-04T06:35:48","date_gmt":"2026-03-04T05:35:48","guid":{"rendered":"https:\/\/grupotextil.es\/producto\/yb54-oxford-slim\/"},"modified":"2026-04-19T04:06:44","modified_gmt":"2026-04-19T02:06:44","slug":"yb54-oxford-slim","status":"publish","type":"product","link":"https:\/\/grupotextil.es\/ca\/product\/yb54-oxford-slim\/","title":{"rendered":"YB54 Oxford Slim"},"content":{"rendered":"<p>Esta camisa Oxford de ocio es una nueva versi\u00f3n de nuestra cl\u00e1sica IB30. Tiene el mismo aspecto cl\u00e1sico pero es nueva en muchos otros aspectos. El tejido es una mezcla de algod\u00f3n de fibra larga, Tencel (lyocell) y elastano. Sensaci\u00f3n de lujo del lyocell y comodidad extrema del elastano. La camisa tiene tratamiento Easy-care. Nuestros modelos de ocio son 3cm m\u00e1s cortos que nuestros modelos comerciales.<\/p>\n<p><strong>Composici\u00f3n:<\/strong> Tejido Oxford, color liso. 71% algod\u00f3n de fibra larga, 25% Lyocell, 4% elastano.<br \/>\n160 g\/m\u00b2. Apto para lavar en lavadora. | <strong>Peso:<\/strong> 160 g\/m\u00b2 | <strong>Tallas:<\/strong> XS-XXL<\/p>","protected":false},"excerpt":{"rendered":"<p>Esta camisa Oxford de ocio es una nueva versi\u00f3n de nuestra cl\u00e1sica IB30. Tiene el mismo aspecto cl\u00e1sico pero es nueva en muchos otros aspectos. El tejido es una mezcla de algod\u00f3n de fibra larga, Tencel (lyocell) y elastano. Sensaci\u00f3n de lujo del lyoc<\/p>","protected":false},"featured_media":235227,"comment_status":"open","ping_status":"closed","template":"","meta":{"_acf_changed":false},"product_brand":[10563],"product_cat":[13995],"product_tag":[],"class_list":{"0":"post-227529","1":"product","2":"type-product","3":"status-publish","4":"has-post-thumbnail","6":"product_brand-j-harvest-frost","7":"product_cat-n-camisetas","8":"tm-no-options","10":"first","11":"instock","12":"taxable","13":"shipping-taxable","14":"product-type-variable"},"acf":[],"_links":{"self":[{"href":"https:\/\/grupotextil.es\/ca\/wp-json\/wp\/v2\/product\/227529","targetHints":{"allow":["GET"]}}],"collection":[{"href":"https:\/\/grupotextil.es\/ca\/wp-json\/wp\/v2\/product"}],"about":[{"href":"https:\/\/grupotextil.es\/ca\/wp-json\/wp\/v2\/types\/product"}],"replies":[{"embeddable":true,"href":"https:\/\/grupotextil.es\/ca\/wp-json\/wp\/v2\/comments?post=227529"}],"wp:featuredmedia":[{"embeddable":true,"href":"https:\/\/grupotextil.es\/ca\/wp-json\/wp\/v2\/media\/235227"}],"wp:attachment":[{"href":"https:\/\/grupotextil.es\/ca\/wp-json\/wp\/v2\/media?parent=227529"}],"wp:term":[{"taxonomy":"product_brand","embeddable":true,"href":"https:\/\/grupotextil.es\/ca\/wp-json\/wp\/v2\/product_brand?post=227529"},{"taxonomy":"product_cat","embeddable":true,"href":"https:\/\/grupotextil.es\/ca\/wp-json\/wp\/v2\/product_cat?post=227529"},{"taxonomy":"product_tag","embeddable":true,"href":"https:\/\/grupotextil.es\/ca\/wp-json\/wp\/v2\/product_tag?post=227529"}],"curies":[{"name":"wp","href":"https:\/\/api.w.org\/{rel}","templated":true}]}}