{"id":227553,"date":"2026-03-04T06:36:03","date_gmt":"2026-03-04T05:36:03","guid":{"rendered":"https:\/\/grupotextil.es\/producto\/9033-ergo-proteccion-para-rodillas-11mm\/"},"modified":"2026-04-19T04:06:44","modified_gmt":"2026-04-19T02:06:44","slug":"9033-ergo-proteccion-para-rodillas-11mm","status":"publish","type":"product","link":"https:\/\/grupotextil.es\/ca\/product\/9033-ergo-proteccion-para-rodillas-11mm\/","title":{"rendered":"9033 ERGO PROTECCI\u00d3N PARA RODILLAS 11MM"},"content":{"rendered":"<p>Protecci\u00f3n ergon\u00f3mica para las rodillas.\u202fRecomendada por m\u00e9dicos especializados en ergonom\u00eda y protecci\u00f3n laboral. 2 unidades por referencia.<\/p>\n<p><strong>Composici\u00f3n:<\/strong> GelFoam | <strong>Tallas:<\/strong> UD<\/p>","protected":false},"excerpt":{"rendered":"<p>Protecci\u00f3n ergon\u00f3mica para las rodillas.\u202fRecomendada por m\u00e9dicos especializados en ergonom\u00eda y protecci\u00f3n laboral. 2 unidades por referencia.<\/p>","protected":false},"featured_media":235241,"comment_status":"open","ping_status":"closed","template":"","meta":{"_acf_changed":false},"product_brand":[10531],"product_cat":[13948],"product_tag":[],"class_list":{"0":"post-227553","1":"product","2":"type-product","3":"status-publish","4":"has-post-thumbnail","6":"product_brand-projob","7":"product_cat-accesorios","8":"tm-no-options","10":"first","11":"instock","12":"taxable","13":"shipping-taxable","14":"product-type-variable"},"acf":[],"_links":{"self":[{"href":"https:\/\/grupotextil.es\/ca\/wp-json\/wp\/v2\/product\/227553","targetHints":{"allow":["GET"]}}],"collection":[{"href":"https:\/\/grupotextil.es\/ca\/wp-json\/wp\/v2\/product"}],"about":[{"href":"https:\/\/grupotextil.es\/ca\/wp-json\/wp\/v2\/types\/product"}],"replies":[{"embeddable":true,"href":"https:\/\/grupotextil.es\/ca\/wp-json\/wp\/v2\/comments?post=227553"}],"wp:featuredmedia":[{"embeddable":true,"href":"https:\/\/grupotextil.es\/ca\/wp-json\/wp\/v2\/media\/235241"}],"wp:attachment":[{"href":"https:\/\/grupotextil.es\/ca\/wp-json\/wp\/v2\/media?parent=227553"}],"wp:term":[{"taxonomy":"product_brand","embeddable":true,"href":"https:\/\/grupotextil.es\/ca\/wp-json\/wp\/v2\/product_brand?post=227553"},{"taxonomy":"product_cat","embeddable":true,"href":"https:\/\/grupotextil.es\/ca\/wp-json\/wp\/v2\/product_cat?post=227553"},{"taxonomy":"product_tag","embeddable":true,"href":"https:\/\/grupotextil.es\/ca\/wp-json\/wp\/v2\/product_tag?post=227553"}],"curies":[{"name":"wp","href":"https:\/\/api.w.org\/{rel}","templated":true}]}}