{"id":227598,"date":"2026-03-04T06:36:29","date_gmt":"2026-03-04T05:36:29","guid":{"rendered":"https:\/\/grupotextil.es\/producto\/boardslide\/"},"modified":"2026-04-19T04:06:45","modified_gmt":"2026-04-19T02:06:45","slug":"boardslide","status":"publish","type":"product","link":"https:\/\/grupotextil.es\/ca\/product\/boardslide\/","title":{"rendered":"Boardslide"},"content":{"rendered":"<p>Softshell de primera calidad confeccionado con 5 capas de tejido para un rendimiento inigualable. Con una membrana funcional unida a un c\u00e1lido forro polar y acabada con un forro acolchado de poli\u00e9ster reciclado, esta chaqueta ofrece calidez y protecci\u00f3n.  Con su corte y con pu\u00f1os y dobladillo ajustables, la chaqueta Boardslide garantiza un ajuste personalizable para cualquier aventura. Tres bolsillos con cremallera de f\u00e1cil acceso proporcionan un amplio almacenamiento para tus objetos esenciales sobre la marcha.  Capucha fija que se puede ajustar con topes en el lateral, esta chaqueta ofrece mayor versatilidad y protecci\u00f3n contra los elementos. Tanto si te lanzas a las pistas como si exploras la ciudad, la chaqueta Boardslide es tu elecci\u00f3n para una protecci\u00f3n flexible y con estilo.<\/p>\n<p>Se presenta en bolsa compostable de base biol\u00f3gica.<\/p>\n<p><strong>Composici\u00f3n:<\/strong> Exterior: 100% poli\u00e9ster reciclado<br \/>\nRelleno : 100% poli\u00e9ster reciclado<br \/>\nForro (polar) : 100% poli\u00e9ster reciclado<br \/>\nOeko-Tex Standard 100 | <strong>Peso:<\/strong> Shell: 280 g\/m\u00b2 &#8211; Padding: 80 g\/m\u00b2 &#8211; Lining: 58 g\/m\u00b2 | <strong>Tallas:<\/strong> S-5XL<\/p>","protected":false},"excerpt":{"rendered":"<p>Softshell de primera calidad confeccionado con 5 capas de tejido para un rendimiento inigualable. Con una membrana funcional unida a un c\u00e1lido forro polar y acabada con un forro acolchado de poli\u00e9ster reciclado, esta chaqueta ofrece calidez y protecc<\/p>","protected":false},"featured_media":235267,"comment_status":"open","ping_status":"closed","template":"","meta":{"_acf_changed":false},"product_brand":[10529],"product_cat":[15147],"product_tag":[],"class_list":{"0":"post-227598","1":"product","2":"type-product","3":"status-publish","4":"has-post-thumbnail","6":"product_brand-printer-red","7":"product_cat-new-wave","8":"tm-no-options","10":"first","11":"instock","12":"taxable","13":"shipping-taxable","14":"product-type-variable"},"acf":[],"_links":{"self":[{"href":"https:\/\/grupotextil.es\/ca\/wp-json\/wp\/v2\/product\/227598","targetHints":{"allow":["GET"]}}],"collection":[{"href":"https:\/\/grupotextil.es\/ca\/wp-json\/wp\/v2\/product"}],"about":[{"href":"https:\/\/grupotextil.es\/ca\/wp-json\/wp\/v2\/types\/product"}],"replies":[{"embeddable":true,"href":"https:\/\/grupotextil.es\/ca\/wp-json\/wp\/v2\/comments?post=227598"}],"wp:featuredmedia":[{"embeddable":true,"href":"https:\/\/grupotextil.es\/ca\/wp-json\/wp\/v2\/media\/235267"}],"wp:attachment":[{"href":"https:\/\/grupotextil.es\/ca\/wp-json\/wp\/v2\/media?parent=227598"}],"wp:term":[{"taxonomy":"product_brand","embeddable":true,"href":"https:\/\/grupotextil.es\/ca\/wp-json\/wp\/v2\/product_brand?post=227598"},{"taxonomy":"product_cat","embeddable":true,"href":"https:\/\/grupotextil.es\/ca\/wp-json\/wp\/v2\/product_cat?post=227598"},{"taxonomy":"product_tag","embeddable":true,"href":"https:\/\/grupotextil.es\/ca\/wp-json\/wp\/v2\/product_tag?post=227598"}],"curies":[{"name":"wp","href":"https:\/\/api.w.org\/{rel}","templated":true}]}}