{"id":227611,"date":"2026-03-04T06:36:36","date_gmt":"2026-03-04T05:36:36","guid":{"rendered":"https:\/\/grupotextil.es\/producto\/6507-pantalon-cordura-hv-clase-1\/"},"modified":"2026-04-19T04:06:45","modified_gmt":"2026-04-19T02:06:45","slug":"6507-pantalon-cordura-hv-clase-1","status":"publish","type":"product","link":"https:\/\/grupotextil.es\/ca\/product\/6507-pantalon-cordura-hv-clase-1\/","title":{"rendered":"6507 PANTAL\u00d3N CORDURA HV CLASE 1"},"content":{"rendered":"<p>Pantal\u00f3n con el\u00e1stico en la parte trasera y cintura para mayor comodidad. Un pantal\u00f3n adecuado para largas jornadas de trabajo en posici\u00f3n sentada. Material repelente a la suciedad y al aceite. Bolsillos laterales, bolsillo interior de seguridad con cremallera en el lado derecho. Bolsillos en piernas, en el lado izquierdo un amplio bolsillo con solapa y cierre de velcro y un bolsillo interior para m\u00f3vil. En el lado derecho bolsillos para bol\u00edgrafos, papel y herramientas. Sin bolsillos traseros. D-Ring en la parte delantera. Trabilla m\u00e1s ancha en la espalda para evitar la presi\u00f3n del cintur\u00f3n. Los bolsillos, sobre muslos y rodillas y la parte trasera de los dobladillos de las piernas est\u00e1n reforzados con Cordura\u00ae para una mayor durabilidad.<\/p>\n<p><strong>Composici\u00f3n:<\/strong> 82% poli\u00e9ster, 18% algod\u00f3n, 275 g\/m2 Refuerzos: 100% poliamida, Cordura\u00ae | <strong>Peso:<\/strong> 275 g\/m\u00b2 | <strong>Tallas:<\/strong> C44-D120<\/p>","protected":false},"excerpt":{"rendered":"<p>Pantal\u00f3n con el\u00e1stico en la parte trasera y cintura para mayor comodidad. Un pantal\u00f3n adecuado para largas jornadas de trabajo en posici\u00f3n sentada. Material repelente a la suciedad y al aceite. Bolsillos laterales, bolsillo interior de seguridad con<\/p>","protected":false},"featured_media":235274,"comment_status":"open","ping_status":"closed","template":"","meta":{"_acf_changed":false},"product_brand":[10531],"product_cat":[13983],"product_tag":[],"class_list":{"0":"post-227611","1":"product","2":"type-product","3":"status-publish","4":"has-post-thumbnail","6":"product_brand-projob","7":"product_cat-h-pantalones","8":"tm-no-options","10":"first","11":"instock","12":"taxable","13":"shipping-taxable","14":"product-type-variable"},"acf":[],"_links":{"self":[{"href":"https:\/\/grupotextil.es\/ca\/wp-json\/wp\/v2\/product\/227611","targetHints":{"allow":["GET"]}}],"collection":[{"href":"https:\/\/grupotextil.es\/ca\/wp-json\/wp\/v2\/product"}],"about":[{"href":"https:\/\/grupotextil.es\/ca\/wp-json\/wp\/v2\/types\/product"}],"replies":[{"embeddable":true,"href":"https:\/\/grupotextil.es\/ca\/wp-json\/wp\/v2\/comments?post=227611"}],"wp:featuredmedia":[{"embeddable":true,"href":"https:\/\/grupotextil.es\/ca\/wp-json\/wp\/v2\/media\/235274"}],"wp:attachment":[{"href":"https:\/\/grupotextil.es\/ca\/wp-json\/wp\/v2\/media?parent=227611"}],"wp:term":[{"taxonomy":"product_brand","embeddable":true,"href":"https:\/\/grupotextil.es\/ca\/wp-json\/wp\/v2\/product_brand?post=227611"},{"taxonomy":"product_cat","embeddable":true,"href":"https:\/\/grupotextil.es\/ca\/wp-json\/wp\/v2\/product_cat?post=227611"},{"taxonomy":"product_tag","embeddable":true,"href":"https:\/\/grupotextil.es\/ca\/wp-json\/wp\/v2\/product_tag?post=227611"}],"curies":[{"name":"wp","href":"https:\/\/api.w.org\/{rel}","templated":true}]}}