{"id":227621,"date":"2026-03-04T06:36:42","date_gmt":"2026-03-04T05:36:42","guid":{"rendered":"https:\/\/grupotextil.es\/producto\/9015-balaclava\/"},"modified":"2026-04-19T04:06:45","modified_gmt":"2026-04-19T02:06:45","slug":"9015-balaclava","status":"publish","type":"product","link":"https:\/\/grupotextil.es\/ca\/product\/9015-balaclava\/","title":{"rendered":"9015 BALACLAVA"},"content":{"rendered":"<p>Pasamonta\u00f1as de micropolar el\u00e1stico para un ajuste y control clim\u00e1tico perfectos. La elecci\u00f3n correcta bajo el casco en un d\u00eda fr\u00edo y ventoso.<\/p>\n<p><strong>Composici\u00f3n:<\/strong> 100% poli\u00e9ster | <strong>Tallas:<\/strong> UD<\/p>","protected":false},"excerpt":{"rendered":"<p>Pasamonta\u00f1as de micropolar el\u00e1stico para un ajuste y control clim\u00e1tico perfectos. La elecci\u00f3n correcta bajo el casco en un d\u00eda fr\u00edo y ventoso.<\/p>","protected":false},"featured_media":235279,"comment_status":"open","ping_status":"closed","template":"","meta":{"_acf_changed":false},"product_brand":[10531],"product_cat":[15139],"product_tag":[],"class_list":{"0":"post-227621","1":"product","2":"type-product","3":"status-publish","4":"has-post-thumbnail","6":"product_brand-projob","7":"product_cat-gorros","8":"tm-no-options","10":"first","11":"instock","12":"taxable","13":"shipping-taxable","14":"product-type-variable"},"acf":[],"_links":{"self":[{"href":"https:\/\/grupotextil.es\/ca\/wp-json\/wp\/v2\/product\/227621","targetHints":{"allow":["GET"]}}],"collection":[{"href":"https:\/\/grupotextil.es\/ca\/wp-json\/wp\/v2\/product"}],"about":[{"href":"https:\/\/grupotextil.es\/ca\/wp-json\/wp\/v2\/types\/product"}],"replies":[{"embeddable":true,"href":"https:\/\/grupotextil.es\/ca\/wp-json\/wp\/v2\/comments?post=227621"}],"wp:featuredmedia":[{"embeddable":true,"href":"https:\/\/grupotextil.es\/ca\/wp-json\/wp\/v2\/media\/235279"}],"wp:attachment":[{"href":"https:\/\/grupotextil.es\/ca\/wp-json\/wp\/v2\/media?parent=227621"}],"wp:term":[{"taxonomy":"product_brand","embeddable":true,"href":"https:\/\/grupotextil.es\/ca\/wp-json\/wp\/v2\/product_brand?post=227621"},{"taxonomy":"product_cat","embeddable":true,"href":"https:\/\/grupotextil.es\/ca\/wp-json\/wp\/v2\/product_cat?post=227621"},{"taxonomy":"product_tag","embeddable":true,"href":"https:\/\/grupotextil.es\/ca\/wp-json\/wp\/v2\/product_tag?post=227621"}],"curies":[{"name":"wp","href":"https:\/\/api.w.org\/{rel}","templated":true}]}}