{"id":227655,"date":"2026-03-04T06:37:01","date_gmt":"2026-03-04T05:37:01","guid":{"rendered":"https:\/\/grupotextil.es\/producto\/premium-long-t\/"},"modified":"2026-04-19T04:06:45","modified_gmt":"2026-04-19T02:06:45","slug":"premium-long-t","status":"publish","type":"product","link":"https:\/\/grupotextil.es\/ca\/product\/premium-long-t\/","title":{"rendered":"Premium Long-T"},"content":{"rendered":"<p>Camiseta unisex extra larga de primera calidad. Fabricada en algod\u00f3n 100% ring-spun. Canal\u00e9 doble 1&#215;1 en cuello, tapeta reforzada. Prenda preencogida y con tratamiento enzim\u00e1tico. De f\u00e1cil reetiquetado.<\/p>\n<p><strong>Composici\u00f3n:<\/strong> 100% Algod\u00f3n | <strong>Peso:<\/strong> 180 g\/m2 | <strong>Tallas:<\/strong> XS-4XL (580, 99: XS-5XL)<\/p>","protected":false},"excerpt":{"rendered":"<p>Camiseta unisex extra larga de primera calidad. Fabricada en algod\u00f3n 100% ring-spun. Canal\u00e9 doble 1&#215;1 en cuello, tapeta reforzada. Prenda preencogida y con tratamiento enzim\u00e1tico. De f\u00e1cil reetiquetado.<\/p>","protected":false},"featured_media":235299,"comment_status":"open","ping_status":"closed","template":"","meta":{"_acf_changed":false},"product_brand":[10446],"product_cat":[13995,15137],"product_tag":[],"class_list":{"0":"post-227655","1":"product","2":"type-product","3":"status-publish","4":"has-post-thumbnail","6":"product_brand-clique","7":"product_cat-n-camisetas","8":"product_cat-hombre-unisex-mujer","9":"tm-no-options","11":"first","12":"instock","13":"taxable","14":"shipping-taxable","15":"product-type-variable"},"acf":[],"_links":{"self":[{"href":"https:\/\/grupotextil.es\/ca\/wp-json\/wp\/v2\/product\/227655","targetHints":{"allow":["GET"]}}],"collection":[{"href":"https:\/\/grupotextil.es\/ca\/wp-json\/wp\/v2\/product"}],"about":[{"href":"https:\/\/grupotextil.es\/ca\/wp-json\/wp\/v2\/types\/product"}],"replies":[{"embeddable":true,"href":"https:\/\/grupotextil.es\/ca\/wp-json\/wp\/v2\/comments?post=227655"}],"wp:featuredmedia":[{"embeddable":true,"href":"https:\/\/grupotextil.es\/ca\/wp-json\/wp\/v2\/media\/235299"}],"wp:attachment":[{"href":"https:\/\/grupotextil.es\/ca\/wp-json\/wp\/v2\/media?parent=227655"}],"wp:term":[{"taxonomy":"product_brand","embeddable":true,"href":"https:\/\/grupotextil.es\/ca\/wp-json\/wp\/v2\/product_brand?post=227655"},{"taxonomy":"product_cat","embeddable":true,"href":"https:\/\/grupotextil.es\/ca\/wp-json\/wp\/v2\/product_cat?post=227655"},{"taxonomy":"product_tag","embeddable":true,"href":"https:\/\/grupotextil.es\/ca\/wp-json\/wp\/v2\/product_tag?post=227655"}],"curies":[{"name":"wp","href":"https:\/\/api.w.org\/{rel}","templated":true}]}}