{"id":227689,"date":"2026-03-04T06:37:23","date_gmt":"2026-03-04T05:37:23","guid":{"rendered":"https:\/\/grupotextil.es\/producto\/5706-chaleco\/"},"modified":"2026-04-19T04:06:45","modified_gmt":"2026-04-19T02:06:45","slug":"5706-chaleco","status":"publish","type":"product","link":"https:\/\/grupotextil.es\/ca\/product\/5706-chaleco\/","title":{"rendered":"5706 CHALECO"},"content":{"rendered":"<p>Chaleco con cremallera hasta el cuello en la parte delantera, con solapa cortaviento interna y protector de barbilla para evitar las corrientes de aire y las rozaduras. Forro polar en el cuello para mayor comodidad. Bolsillos frontales a ambos lados, en el lado izquierdo gancho interno para tarjetas de identificaci\u00f3n. Bolsillos laterales con cremallera. Amplios bolsillos interiores, tambi\u00e9n bolsillo para m\u00f3vil con cierre de velcro. Espalda alargada. Ribete reflectante en la espalda y en los bolsillos delanteros. El forro se puede abrir para facilitar la impresi\u00f3n y el bordado.<\/p>\n<p><strong>Composici\u00f3n:<\/strong> 65% Poli\u00e9ster, 35% algod\u00f3n, 245 g\/m2 | <strong>Peso:<\/strong> 245 g\/m2 | <strong>Tallas:<\/strong> XS-4XL<\/p>","protected":false},"excerpt":{"rendered":"<p>Chaleco con cremallera hasta el cuello en la parte delantera, con solapa cortaviento interna y protector de barbilla para evitar las corrientes de aire y las rozaduras. Forro polar en el cuello para mayor comodidad. Bolsillos frontales a ambos lados,<\/p>","protected":false},"featured_media":235316,"comment_status":"open","ping_status":"closed","template":"","meta":{"_acf_changed":false},"product_brand":[10531],"product_cat":[13998],"product_tag":[],"class_list":{"0":"post-227689","1":"product","2":"type-product","3":"status-publish","4":"has-post-thumbnail","6":"product_brand-projob","7":"product_cat-n-chaquetas","8":"tm-no-options","10":"first","11":"instock","12":"taxable","13":"shipping-taxable","14":"product-type-variable"},"acf":[],"_links":{"self":[{"href":"https:\/\/grupotextil.es\/ca\/wp-json\/wp\/v2\/product\/227689","targetHints":{"allow":["GET"]}}],"collection":[{"href":"https:\/\/grupotextil.es\/ca\/wp-json\/wp\/v2\/product"}],"about":[{"href":"https:\/\/grupotextil.es\/ca\/wp-json\/wp\/v2\/types\/product"}],"replies":[{"embeddable":true,"href":"https:\/\/grupotextil.es\/ca\/wp-json\/wp\/v2\/comments?post=227689"}],"wp:featuredmedia":[{"embeddable":true,"href":"https:\/\/grupotextil.es\/ca\/wp-json\/wp\/v2\/media\/235316"}],"wp:attachment":[{"href":"https:\/\/grupotextil.es\/ca\/wp-json\/wp\/v2\/media?parent=227689"}],"wp:term":[{"taxonomy":"product_brand","embeddable":true,"href":"https:\/\/grupotextil.es\/ca\/wp-json\/wp\/v2\/product_brand?post=227689"},{"taxonomy":"product_cat","embeddable":true,"href":"https:\/\/grupotextil.es\/ca\/wp-json\/wp\/v2\/product_cat?post=227689"},{"taxonomy":"product_tag","embeddable":true,"href":"https:\/\/grupotextil.es\/ca\/wp-json\/wp\/v2\/product_tag?post=227689"}],"curies":[{"name":"wp","href":"https:\/\/api.w.org\/{rel}","templated":true}]}}