{"id":227711,"date":"2026-03-04T06:37:36","date_gmt":"2026-03-04T05:37:36","guid":{"rendered":"https:\/\/grupotextil.es\/producto\/9050-ergo-proteccion-para-rodillas\/"},"modified":"2026-04-19T04:06:45","modified_gmt":"2026-04-19T02:06:45","slug":"9050-ergo-proteccion-para-rodillas","status":"publish","type":"product","link":"https:\/\/grupotextil.es\/ca\/product\/9050-ergo-proteccion-para-rodillas\/","title":{"rendered":"9050 ERGO PROTECCI\u00d3N PARA RODILLAS"},"content":{"rendered":"<p>Protecci\u00f3n ergon\u00f3mica con forma basada en la rodilla humana. Protege la rodilla y se mantiene en su sitio gracias a su superficie lisa. Los expertos recomiendan el uso de este material por su ergonom\u00eda.<\/p>\n<p><strong>Composici\u00f3n:<\/strong> GelFoam | <strong>Tallas:<\/strong> UD<\/p>","protected":false},"excerpt":{"rendered":"<p>Protecci\u00f3n ergon\u00f3mica con forma basada en la rodilla humana. Protege la rodilla y se mantiene en su sitio gracias a su superficie lisa. Los expertos recomiendan el uso de este material por su ergonom\u00eda.<\/p>","protected":false},"featured_media":235324,"comment_status":"open","ping_status":"closed","template":"","meta":{"_acf_changed":false},"product_brand":[10531],"product_cat":[13948],"product_tag":[],"class_list":{"0":"post-227711","1":"product","2":"type-product","3":"status-publish","4":"has-post-thumbnail","6":"product_brand-projob","7":"product_cat-accesorios","8":"tm-no-options","10":"first","11":"instock","12":"taxable","13":"shipping-taxable","14":"product-type-variable"},"acf":[],"_links":{"self":[{"href":"https:\/\/grupotextil.es\/ca\/wp-json\/wp\/v2\/product\/227711","targetHints":{"allow":["GET"]}}],"collection":[{"href":"https:\/\/grupotextil.es\/ca\/wp-json\/wp\/v2\/product"}],"about":[{"href":"https:\/\/grupotextil.es\/ca\/wp-json\/wp\/v2\/types\/product"}],"replies":[{"embeddable":true,"href":"https:\/\/grupotextil.es\/ca\/wp-json\/wp\/v2\/comments?post=227711"}],"wp:featuredmedia":[{"embeddable":true,"href":"https:\/\/grupotextil.es\/ca\/wp-json\/wp\/v2\/media\/235324"}],"wp:attachment":[{"href":"https:\/\/grupotextil.es\/ca\/wp-json\/wp\/v2\/media?parent=227711"}],"wp:term":[{"taxonomy":"product_brand","embeddable":true,"href":"https:\/\/grupotextil.es\/ca\/wp-json\/wp\/v2\/product_brand?post=227711"},{"taxonomy":"product_cat","embeddable":true,"href":"https:\/\/grupotextil.es\/ca\/wp-json\/wp\/v2\/product_cat?post=227711"},{"taxonomy":"product_tag","embeddable":true,"href":"https:\/\/grupotextil.es\/ca\/wp-json\/wp\/v2\/product_tag?post=227711"}],"curies":[{"name":"wp","href":"https:\/\/api.w.org\/{rel}","templated":true}]}}