{"id":227717,"date":"2026-03-04T06:37:39","date_gmt":"2026-03-04T05:37:39","guid":{"rendered":"https:\/\/grupotextil.es\/producto\/premium-oc-hoody-full-zip-women\/"},"modified":"2026-04-19T04:06:45","modified_gmt":"2026-04-19T02:06:45","slug":"premium-oc-hoody-full-zip-women","status":"publish","type":"product","link":"https:\/\/grupotextil.es\/ca\/product\/premium-oc-hoody-full-zip-women\/","title":{"rendered":"Premium OC Hoody Full Zip Women"},"content":{"rendered":"<p>Sudadera cremallera entera en algod\u00f3n org\u00e1nico y poli\u00e9ster reciclado con capucha. Cremallera YKK en acabado vintage. Dos bolsillos frontales con cremalleras YKK. Cord\u00f3n en capucha con detalle en metal para un look contempor\u00e1neo. CVC French Terry, cuello herringbone. Canal\u00e9 el\u00e1stico 1&#215;1. Bolsillos con soluci\u00f3n para auriculares.<\/p>\n<p><strong>Composici\u00f3n:<\/strong> 85% Algod\u00f3n org\u00e1nico \/ 15% Poli\u00e9ster reciclado | <strong>Peso:<\/strong> 300  g\/m2 | <strong>Tallas:<\/strong> XS-XXL<\/p>","protected":false},"excerpt":{"rendered":"<p>Sudadera cremallera entera en algod\u00f3n org\u00e1nico y poli\u00e9ster reciclado con capucha. Cremallera YKK en acabado vintage. Dos bolsillos frontales con cremalleras YKK. Cord\u00f3n en capucha con detalle en metal para un look contempor\u00e1neo. CVC French Terry, cue<\/p>","protected":false},"featured_media":235328,"comment_status":"open","ping_status":"closed","template":"","meta":{"_acf_changed":false},"product_brand":[10446],"product_cat":[13980],"product_tag":[],"class_list":{"0":"post-227717","1":"product","2":"type-product","3":"status-publish","4":"has-post-thumbnail","6":"product_brand-clique","7":"product_cat-h-sudaderas","8":"tm-no-options","10":"first","11":"instock","12":"taxable","13":"shipping-taxable","14":"product-type-variable"},"acf":[],"_links":{"self":[{"href":"https:\/\/grupotextil.es\/ca\/wp-json\/wp\/v2\/product\/227717","targetHints":{"allow":["GET"]}}],"collection":[{"href":"https:\/\/grupotextil.es\/ca\/wp-json\/wp\/v2\/product"}],"about":[{"href":"https:\/\/grupotextil.es\/ca\/wp-json\/wp\/v2\/types\/product"}],"replies":[{"embeddable":true,"href":"https:\/\/grupotextil.es\/ca\/wp-json\/wp\/v2\/comments?post=227717"}],"wp:featuredmedia":[{"embeddable":true,"href":"https:\/\/grupotextil.es\/ca\/wp-json\/wp\/v2\/media\/235328"}],"wp:attachment":[{"href":"https:\/\/grupotextil.es\/ca\/wp-json\/wp\/v2\/media?parent=227717"}],"wp:term":[{"taxonomy":"product_brand","embeddable":true,"href":"https:\/\/grupotextil.es\/ca\/wp-json\/wp\/v2\/product_brand?post=227717"},{"taxonomy":"product_cat","embeddable":true,"href":"https:\/\/grupotextil.es\/ca\/wp-json\/wp\/v2\/product_cat?post=227717"},{"taxonomy":"product_tag","embeddable":true,"href":"https:\/\/grupotextil.es\/ca\/wp-json\/wp\/v2\/product_tag?post=227717"}],"curies":[{"name":"wp","href":"https:\/\/api.w.org\/{rel}","templated":true}]}}