{"id":227739,"date":"2026-03-04T06:37:52","date_gmt":"2026-03-04T05:37:52","guid":{"rendered":"https:\/\/grupotextil.es\/producto\/airwalk\/"},"modified":"2026-04-19T04:06:46","modified_gmt":"2026-04-19T02:06:46","slug":"airwalk","status":"publish","type":"product","link":"https:\/\/grupotextil.es\/ca\/product\/airwalk\/","title":{"rendered":"Airwalk"},"content":{"rendered":"<p>Chaqueta softshell dise\u00f1ada para ofrecer versatilidad y rendimiento. Confeccionada con 3 capas de tejido, que incluyen una membrana funcional y un c\u00e1lido forro polar interior, la Airwalk ofrece una protecci\u00f3n y un confort superiores.  Con su corte y con pu\u00f1os y dobladillo ajustables, esta chaqueta garantiza un ajuste personalizable para cualquier aventura. Con sus tres bolsillos con cremallera de f\u00e1cil acceso, podr\u00e1s tener tus objetos esenciales a mano vayas donde vayas.  Airwalk cuenta con la certificaci\u00f3n Oeko-Tex 100.<\/p>\n<p>Se presenta en bolsa compostable de base biol\u00f3gica.<\/p>\n<p><strong>Composici\u00f3n:<\/strong> Exterior: 100% poli\u00e9ster reciclado, 280 g\/m\u00b2.<br \/>\nForro (polar) : 100% poli\u00e9ster reciclado<br \/>\nOeko-Tex Standard 100 | <strong>Peso:<\/strong> Shell: 280 g\/m\u00b2 &#8211; Lining: 120 g\/m\u00b2 | <strong>Tallas:<\/strong> S-5XL<\/p>","protected":false},"excerpt":{"rendered":"<p>Chaqueta softshell dise\u00f1ada para ofrecer versatilidad y rendimiento. Confeccionada con 3 capas de tejido, que incluyen una membrana funcional y un c\u00e1lido forro polar interior, la Airwalk ofrece una protecci\u00f3n y un confort superiores.  Con su corte y<\/p>","protected":false},"featured_media":235339,"comment_status":"open","ping_status":"closed","template":"","meta":{"_acf_changed":false},"product_brand":[10529],"product_cat":[15147],"product_tag":[],"class_list":{"0":"post-227739","1":"product","2":"type-product","3":"status-publish","4":"has-post-thumbnail","6":"product_brand-printer-red","7":"product_cat-new-wave","8":"tm-no-options","10":"first","11":"instock","12":"taxable","13":"shipping-taxable","14":"product-type-variable"},"acf":[],"_links":{"self":[{"href":"https:\/\/grupotextil.es\/ca\/wp-json\/wp\/v2\/product\/227739","targetHints":{"allow":["GET"]}}],"collection":[{"href":"https:\/\/grupotextil.es\/ca\/wp-json\/wp\/v2\/product"}],"about":[{"href":"https:\/\/grupotextil.es\/ca\/wp-json\/wp\/v2\/types\/product"}],"replies":[{"embeddable":true,"href":"https:\/\/grupotextil.es\/ca\/wp-json\/wp\/v2\/comments?post=227739"}],"wp:featuredmedia":[{"embeddable":true,"href":"https:\/\/grupotextil.es\/ca\/wp-json\/wp\/v2\/media\/235339"}],"wp:attachment":[{"href":"https:\/\/grupotextil.es\/ca\/wp-json\/wp\/v2\/media?parent=227739"}],"wp:term":[{"taxonomy":"product_brand","embeddable":true,"href":"https:\/\/grupotextil.es\/ca\/wp-json\/wp\/v2\/product_brand?post=227739"},{"taxonomy":"product_cat","embeddable":true,"href":"https:\/\/grupotextil.es\/ca\/wp-json\/wp\/v2\/product_cat?post=227739"},{"taxonomy":"product_tag","embeddable":true,"href":"https:\/\/grupotextil.es\/ca\/wp-json\/wp\/v2\/product_tag?post=227739"}],"curies":[{"name":"wp","href":"https:\/\/api.w.org\/{rel}","templated":true}]}}