{"id":227753,"date":"2026-03-04T06:38:00","date_gmt":"2026-03-04T05:38:00","guid":{"rendered":"https:\/\/grupotextil.es\/producto\/surf-pro-ls\/"},"modified":"2026-04-19T04:06:46","modified_gmt":"2026-04-19T02:06:46","slug":"surf-pro-ls","status":"publish","type":"product","link":"https:\/\/grupotextil.es\/ca\/product\/surf-pro-ls\/","title":{"rendered":"Surf Pro LS"},"content":{"rendered":"<p>Piqu\u00e9 de manga larga, cuello tricot y aberturas laterales. Con 3 botones en tapeta frontal. Certificado Oeko-Tex. Este art\u00edculo se presenta en una bolsa de polietileno biodegradable y compostable.<\/p>\n<p><strong>Composici\u00f3n:<\/strong> 60% algod\u00f3n org\u00e1nico, 40% poli\u00e9ster reciclado, 200 g\/m\u00b2 | <strong>Peso:<\/strong> 200 g\/m\u00b2 | <strong>Tallas:<\/strong> S-5XL<\/p>","protected":false},"excerpt":{"rendered":"<p>Piqu\u00e9 de manga larga, cuello tricot y aberturas laterales. Con 3 botones en tapeta frontal. Certificado Oeko-Tex. Este art\u00edculo se presenta en una bolsa de polietileno biodegradable y compostable.<\/p>","protected":false},"featured_media":235349,"comment_status":"open","ping_status":"closed","template":"","meta":{"_acf_changed":false},"product_brand":[10522],"product_cat":[13974,13975,13973],"product_tag":[],"class_list":{"0":"post-227753","1":"product","2":"type-product","3":"status-publish","4":"has-post-thumbnail","6":"product_brand-printer","7":"product_cat-ropa-hombre","8":"product_cat-ropa-mujer","9":"product_cat-ropa","10":"tm-no-options","12":"first","13":"instock","14":"taxable","15":"shipping-taxable","16":"product-type-variable"},"acf":[],"_links":{"self":[{"href":"https:\/\/grupotextil.es\/ca\/wp-json\/wp\/v2\/product\/227753","targetHints":{"allow":["GET"]}}],"collection":[{"href":"https:\/\/grupotextil.es\/ca\/wp-json\/wp\/v2\/product"}],"about":[{"href":"https:\/\/grupotextil.es\/ca\/wp-json\/wp\/v2\/types\/product"}],"replies":[{"embeddable":true,"href":"https:\/\/grupotextil.es\/ca\/wp-json\/wp\/v2\/comments?post=227753"}],"wp:featuredmedia":[{"embeddable":true,"href":"https:\/\/grupotextil.es\/ca\/wp-json\/wp\/v2\/media\/235349"}],"wp:attachment":[{"href":"https:\/\/grupotextil.es\/ca\/wp-json\/wp\/v2\/media?parent=227753"}],"wp:term":[{"taxonomy":"product_brand","embeddable":true,"href":"https:\/\/grupotextil.es\/ca\/wp-json\/wp\/v2\/product_brand?post=227753"},{"taxonomy":"product_cat","embeddable":true,"href":"https:\/\/grupotextil.es\/ca\/wp-json\/wp\/v2\/product_cat?post=227753"},{"taxonomy":"product_tag","embeddable":true,"href":"https:\/\/grupotextil.es\/ca\/wp-json\/wp\/v2\/product_tag?post=227753"}],"curies":[{"name":"wp","href":"https:\/\/api.w.org\/{rel}","templated":true}]}}