{"id":227790,"date":"2026-03-04T06:38:22","date_gmt":"2026-03-04T05:38:22","guid":{"rendered":"https:\/\/grupotextil.es\/producto\/9090-calcetines\/"},"modified":"2026-04-19T04:06:46","modified_gmt":"2026-04-19T02:06:46","slug":"9090-calcetines","status":"publish","type":"product","link":"https:\/\/grupotextil.es\/ca\/product\/9090-calcetines\/","title":{"rendered":"9090 CALCETINES"},"content":{"rendered":"<p>Calcetines en una c\u00f3moda mezcla de lana Merino y poliamida reciclada que mantiene los pies calientes en condiciones clim\u00e1ticas fr\u00edas. La lana es tambi\u00e9n un material antibacteriano que ayuda a reducir el olor. Material de rizo bajo el tal\u00f3n y la puntera para una durabilidad y comodidad \u00f3ptimas.<\/p>\n<p><strong>Composici\u00f3n:<\/strong> 50% Lana Merino, 50% Poliamida reciclada | <strong>Tallas:<\/strong> 3639-4648<\/p>","protected":false},"excerpt":{"rendered":"<p>Calcetines en una c\u00f3moda mezcla de lana Merino y poliamida reciclada que mantiene los pies calientes en condiciones clim\u00e1ticas fr\u00edas. La lana es tambi\u00e9n un material antibacteriano que ayuda a reducir el olor. Material de rizo bajo el tal\u00f3n y la punte<\/p>","protected":false},"featured_media":235367,"comment_status":"open","ping_status":"closed","template":"","meta":{"_acf_changed":false},"product_brand":[10531],"product_cat":[13983],"product_tag":[],"class_list":{"0":"post-227790","1":"product","2":"type-product","3":"status-publish","4":"has-post-thumbnail","6":"product_brand-projob","7":"product_cat-h-pantalones","8":"tm-no-options","10":"first","11":"instock","12":"taxable","13":"shipping-taxable","14":"product-type-variable"},"acf":[],"_links":{"self":[{"href":"https:\/\/grupotextil.es\/ca\/wp-json\/wp\/v2\/product\/227790","targetHints":{"allow":["GET"]}}],"collection":[{"href":"https:\/\/grupotextil.es\/ca\/wp-json\/wp\/v2\/product"}],"about":[{"href":"https:\/\/grupotextil.es\/ca\/wp-json\/wp\/v2\/types\/product"}],"replies":[{"embeddable":true,"href":"https:\/\/grupotextil.es\/ca\/wp-json\/wp\/v2\/comments?post=227790"}],"wp:featuredmedia":[{"embeddable":true,"href":"https:\/\/grupotextil.es\/ca\/wp-json\/wp\/v2\/media\/235367"}],"wp:attachment":[{"href":"https:\/\/grupotextil.es\/ca\/wp-json\/wp\/v2\/media?parent=227790"}],"wp:term":[{"taxonomy":"product_brand","embeddable":true,"href":"https:\/\/grupotextil.es\/ca\/wp-json\/wp\/v2\/product_brand?post=227790"},{"taxonomy":"product_cat","embeddable":true,"href":"https:\/\/grupotextil.es\/ca\/wp-json\/wp\/v2\/product_cat?post=227790"},{"taxonomy":"product_tag","embeddable":true,"href":"https:\/\/grupotextil.es\/ca\/wp-json\/wp\/v2\/product_tag?post=227790"}],"curies":[{"name":"wp","href":"https:\/\/api.w.org\/{rel}","templated":true}]}}