{"id":227880,"date":"2026-03-04T06:39:12","date_gmt":"2026-03-04T05:39:12","guid":{"rendered":"https:\/\/grupotextil.es\/producto\/backpack\/"},"modified":"2026-04-19T04:06:47","modified_gmt":"2026-04-19T02:06:47","slug":"backpack","status":"publish","type":"product","link":"https:\/\/grupotextil.es\/ca\/product\/backpack\/","title":{"rendered":"Backpack"},"content":{"rendered":"<p>C\u00f3moda mochila gracias a sus correas ajustables. Cinta de cierre para sujetar la mochila a los ri\u00f1ones y un bolsillo para m\u00f3vil. Tu cartera estar\u00e1 siempre protegida gracias a un bolsillo en la parte trasera. Dimensiones y volumen: 33x42x17cm \u2248 23 l<\/p>\n<p><strong>Composici\u00f3n:<\/strong> 600D Oxford nylon. | <strong>Tallas:<\/strong> UD<\/p>","protected":false},"excerpt":{"rendered":"<p>C\u00f3moda mochila gracias a sus correas ajustables. Cinta de cierre para sujetar la mochila a los ri\u00f1ones y un bolsillo para m\u00f3vil. Tu cartera estar\u00e1 siempre protegida gracias a un bolsillo en la parte trasera. Dimensiones y volumen: 33x42x17cm \u2248 23 l<\/p>","protected":false},"featured_media":235419,"comment_status":"open","ping_status":"closed","template":"","meta":{"_acf_changed":false},"product_brand":[10446],"product_cat":[15146],"product_tag":[],"class_list":{"0":"post-227880","1":"product","2":"type-product","3":"status-publish","4":"has-post-thumbnail","6":"product_brand-clique","7":"product_cat-bolsas","8":"tm-no-options","10":"first","11":"instock","12":"taxable","13":"shipping-taxable","14":"product-type-variable"},"acf":[],"_links":{"self":[{"href":"https:\/\/grupotextil.es\/ca\/wp-json\/wp\/v2\/product\/227880","targetHints":{"allow":["GET"]}}],"collection":[{"href":"https:\/\/grupotextil.es\/ca\/wp-json\/wp\/v2\/product"}],"about":[{"href":"https:\/\/grupotextil.es\/ca\/wp-json\/wp\/v2\/types\/product"}],"replies":[{"embeddable":true,"href":"https:\/\/grupotextil.es\/ca\/wp-json\/wp\/v2\/comments?post=227880"}],"wp:featuredmedia":[{"embeddable":true,"href":"https:\/\/grupotextil.es\/ca\/wp-json\/wp\/v2\/media\/235419"}],"wp:attachment":[{"href":"https:\/\/grupotextil.es\/ca\/wp-json\/wp\/v2\/media?parent=227880"}],"wp:term":[{"taxonomy":"product_brand","embeddable":true,"href":"https:\/\/grupotextil.es\/ca\/wp-json\/wp\/v2\/product_brand?post=227880"},{"taxonomy":"product_cat","embeddable":true,"href":"https:\/\/grupotextil.es\/ca\/wp-json\/wp\/v2\/product_cat?post=227880"},{"taxonomy":"product_tag","embeddable":true,"href":"https:\/\/grupotextil.es\/ca\/wp-json\/wp\/v2\/product_tag?post=227880"}],"curies":[{"name":"wp","href":"https:\/\/api.w.org\/{rel}","templated":true}]}}