{"id":227912,"date":"2026-03-04T06:39:30","date_gmt":"2026-03-04T05:39:30","guid":{"rendered":"https:\/\/grupotextil.es\/producto\/gb01-twill-regular\/"},"modified":"2026-04-19T04:06:47","modified_gmt":"2026-04-19T02:06:47","slug":"gb01-twill-regular","status":"publish","type":"product","link":"https:\/\/grupotextil.es\/ca\/product\/gb01-twill-regular\/","title":{"rendered":"GB01 Twill Regular"},"content":{"rendered":"<p>Camisa lisa de aspecto l\u00edmpio. Confeccionada con sarga de altas prestaciones d\u00e1ndole un brillo perfecto y haci\u00e9ndola menos transparente que el resto de camisas similares y un tacto suave. Canes\u00fa en espalda y tapeta de 35mm marcan esta cl\u00e1sica camisa a la vez que elegante.<\/p>\n<p><strong>Composici\u00f3n:<\/strong> Colores lisos. 100% Algod\u00f3n compacto de 2 capas de fibras largas, 124 g\/m\u00b2, tratamiento medioambiental patentado Non-Iron. Costuras principales selladas. Botones de 4 mm de grosor. Manga larga. Pu\u00f1o de \u00e1ngulo simple, con ojal adicional para gemelos. | <strong>Peso:<\/strong> 124 g\/m\u00b2 | <strong>Tallas:<\/strong> S-5XL<\/p>","protected":false},"excerpt":{"rendered":"<p>Camisa lisa de aspecto l\u00edmpio. Confeccionada con sarga de altas prestaciones d\u00e1ndole un brillo perfecto y haci\u00e9ndola menos transparente que el resto de camisas similares y un tacto suave. Canes\u00fa en espalda y tapeta de 35mm marcan esta cl\u00e1sica camisa<\/p>","protected":false},"featured_media":235435,"comment_status":"open","ping_status":"closed","template":"","meta":{"_acf_changed":false},"product_brand":[10563],"product_cat":[13995],"product_tag":[],"class_list":{"0":"post-227912","1":"product","2":"type-product","3":"status-publish","4":"has-post-thumbnail","6":"product_brand-j-harvest-frost","7":"product_cat-n-camisetas","8":"tm-no-options","10":"first","11":"instock","12":"taxable","13":"shipping-taxable","14":"product-type-variable"},"acf":[],"_links":{"self":[{"href":"https:\/\/grupotextil.es\/ca\/wp-json\/wp\/v2\/product\/227912","targetHints":{"allow":["GET"]}}],"collection":[{"href":"https:\/\/grupotextil.es\/ca\/wp-json\/wp\/v2\/product"}],"about":[{"href":"https:\/\/grupotextil.es\/ca\/wp-json\/wp\/v2\/types\/product"}],"replies":[{"embeddable":true,"href":"https:\/\/grupotextil.es\/ca\/wp-json\/wp\/v2\/comments?post=227912"}],"wp:featuredmedia":[{"embeddable":true,"href":"https:\/\/grupotextil.es\/ca\/wp-json\/wp\/v2\/media\/235435"}],"wp:attachment":[{"href":"https:\/\/grupotextil.es\/ca\/wp-json\/wp\/v2\/media?parent=227912"}],"wp:term":[{"taxonomy":"product_brand","embeddable":true,"href":"https:\/\/grupotextil.es\/ca\/wp-json\/wp\/v2\/product_brand?post=227912"},{"taxonomy":"product_cat","embeddable":true,"href":"https:\/\/grupotextil.es\/ca\/wp-json\/wp\/v2\/product_cat?post=227912"},{"taxonomy":"product_tag","embeddable":true,"href":"https:\/\/grupotextil.es\/ca\/wp-json\/wp\/v2\/product_tag?post=227912"}],"curies":[{"name":"wp","href":"https:\/\/api.w.org\/{rel}","templated":true}]}}