{"id":227926,"date":"2026-03-04T06:39:39","date_gmt":"2026-03-04T05:39:39","guid":{"rendered":"https:\/\/grupotextil.es\/producto\/2556-pantalon-pirata-elastico-mujer\/"},"modified":"2026-04-19T04:06:47","modified_gmt":"2026-04-19T02:06:47","slug":"2556-pantalon-pirata-elastico-mujer","status":"publish","type":"product","link":"https:\/\/grupotextil.es\/ca\/product\/2556-pantalon-pirata-elastico-mujer\/","title":{"rendered":"2556 PANTAL\u00d3N PIRATA EL\u00c1STICO MUJER"},"content":{"rendered":"<p>Pantal\u00f3n pirata totalmente el\u00e1stico que proporciona la m\u00e1xima libertad de movimiento y comodidad. Corte moderno. Bolsillos a ambos lados de las piernas con cierre de cremallera, bolsillos para m\u00f3vil a ambos lados con cierre de velcro. Bolsillo para cinta m\u00e9trica en el lado derecho. Bolsillos traseros internos. Rodillas precurvadas. Bolsillos internos para protectores de rodilla, ajustables a dos niveles de altura. Trabilla m\u00e1s ancha en la espalda para evitar la presi\u00f3n del cintur\u00f3n. D-Ring en la parte delantera. Fijaci\u00f3n oculta para bolsillos portafunda (ref. art\u00edculo 9042). Bot\u00f3n oculto en la parte delantera.<\/p>\n<p><strong>Composici\u00f3n:<\/strong> Tejido 1: 65% poli\u00e9ster, 32% algod\u00f3n, 3% EOL &#8211; 220 g\/m2, Tejido 2: 91,5% nylon, 8,5% spandex | <strong>Peso:<\/strong> 220 g\/m\u00b2 | <strong>Tallas:<\/strong> C32-C50<\/p>","protected":false},"excerpt":{"rendered":"<p>Pantal\u00f3n pirata totalmente el\u00e1stico que proporciona la m\u00e1xima libertad de movimiento y comodidad. Corte moderno. Bolsillos a ambos lados de las piernas con cierre de cremallera, bolsillos para m\u00f3vil a ambos lados con cierre de velcro. Bolsillo para c<\/p>","protected":false},"featured_media":235442,"comment_status":"open","ping_status":"closed","template":"","meta":{"_acf_changed":false},"product_brand":[10531],"product_cat":[13983],"product_tag":[],"class_list":{"0":"post-227926","1":"product","2":"type-product","3":"status-publish","4":"has-post-thumbnail","6":"product_brand-projob","7":"product_cat-h-pantalones","8":"tm-no-options","10":"first","11":"instock","12":"taxable","13":"shipping-taxable","14":"product-type-variable"},"acf":[],"_links":{"self":[{"href":"https:\/\/grupotextil.es\/ca\/wp-json\/wp\/v2\/product\/227926","targetHints":{"allow":["GET"]}}],"collection":[{"href":"https:\/\/grupotextil.es\/ca\/wp-json\/wp\/v2\/product"}],"about":[{"href":"https:\/\/grupotextil.es\/ca\/wp-json\/wp\/v2\/types\/product"}],"replies":[{"embeddable":true,"href":"https:\/\/grupotextil.es\/ca\/wp-json\/wp\/v2\/comments?post=227926"}],"wp:featuredmedia":[{"embeddable":true,"href":"https:\/\/grupotextil.es\/ca\/wp-json\/wp\/v2\/media\/235442"}],"wp:attachment":[{"href":"https:\/\/grupotextil.es\/ca\/wp-json\/wp\/v2\/media?parent=227926"}],"wp:term":[{"taxonomy":"product_brand","embeddable":true,"href":"https:\/\/grupotextil.es\/ca\/wp-json\/wp\/v2\/product_brand?post=227926"},{"taxonomy":"product_cat","embeddable":true,"href":"https:\/\/grupotextil.es\/ca\/wp-json\/wp\/v2\/product_cat?post=227926"},{"taxonomy":"product_tag","embeddable":true,"href":"https:\/\/grupotextil.es\/ca\/wp-json\/wp\/v2\/product_tag?post=227926"}],"curies":[{"name":"wp","href":"https:\/\/api.w.org\/{rel}","templated":true}]}}