{"id":227932,"date":"2026-03-04T06:39:42","date_gmt":"2026-03-04T05:39:42","guid":{"rendered":"https:\/\/grupotextil.es\/producto\/9042-hanging-pocket\/"},"modified":"2026-04-19T04:06:47","modified_gmt":"2026-04-19T02:06:47","slug":"9042-hanging-pocket","status":"publish","type":"product","link":"https:\/\/grupotextil.es\/ca\/product\/9042-hanging-pocket\/","title":{"rendered":"9042 HANGING POCKET"},"content":{"rendered":"<p>Bolsillos de funda que se adaptan a los pantalones PROJOB provistos de ra\u00edles de riel. Los bolsillos est\u00e1n reforzados con Cordura\u00ae para una mayor durabilidad. Uno con bolsillos adicionales, ambos abiertos y uno con cierre de cremallera. El otro con bolsillos abiertos y trabillas para herramientas. Posibilidad de ajustar el pantal\u00f3n en funci\u00f3n de las necesidades, utilizar ambos bolsillos portaherramientas o s\u00f3lo uno de ellos.<\/p>\n<p><strong>Composici\u00f3n:<\/strong> 65% poli\u00e9ster, 35% algod\u00f3n, Refuerzos de 100% poliamida | <strong>Tallas:<\/strong> UD<\/p>","protected":false},"excerpt":{"rendered":"<p>Bolsillos de funda que se adaptan a los pantalones PROJOB provistos de ra\u00edles de riel. Los bolsillos est\u00e1n reforzados con Cordura\u00ae para una mayor durabilidad. Uno con bolsillos adicionales, ambos abiertos y uno con cierre de cremallera. El otro con b<\/p>","protected":false},"featured_media":235447,"comment_status":"open","ping_status":"closed","template":"","meta":{"_acf_changed":false},"product_brand":[10531],"product_cat":[13948],"product_tag":[],"class_list":{"0":"post-227932","1":"product","2":"type-product","3":"status-publish","4":"has-post-thumbnail","6":"product_brand-projob","7":"product_cat-accesorios","8":"tm-no-options","10":"first","11":"instock","12":"taxable","13":"shipping-taxable","14":"product-type-variable"},"acf":[],"_links":{"self":[{"href":"https:\/\/grupotextil.es\/ca\/wp-json\/wp\/v2\/product\/227932","targetHints":{"allow":["GET"]}}],"collection":[{"href":"https:\/\/grupotextil.es\/ca\/wp-json\/wp\/v2\/product"}],"about":[{"href":"https:\/\/grupotextil.es\/ca\/wp-json\/wp\/v2\/types\/product"}],"replies":[{"embeddable":true,"href":"https:\/\/grupotextil.es\/ca\/wp-json\/wp\/v2\/comments?post=227932"}],"wp:featuredmedia":[{"embeddable":true,"href":"https:\/\/grupotextil.es\/ca\/wp-json\/wp\/v2\/media\/235447"}],"wp:attachment":[{"href":"https:\/\/grupotextil.es\/ca\/wp-json\/wp\/v2\/media?parent=227932"}],"wp:term":[{"taxonomy":"product_brand","embeddable":true,"href":"https:\/\/grupotextil.es\/ca\/wp-json\/wp\/v2\/product_brand?post=227932"},{"taxonomy":"product_cat","embeddable":true,"href":"https:\/\/grupotextil.es\/ca\/wp-json\/wp\/v2\/product_cat?post=227932"},{"taxonomy":"product_tag","embeddable":true,"href":"https:\/\/grupotextil.es\/ca\/wp-json\/wp\/v2\/product_tag?post=227932"}],"curies":[{"name":"wp","href":"https:\/\/api.w.org\/{rel}","templated":true}]}}