{"id":227964,"date":"2026-03-04T06:39:59","date_gmt":"2026-03-04T05:39:59","guid":{"rendered":"https:\/\/grupotextil.es\/producto\/roll-up-backpack\/"},"modified":"2026-04-26T04:05:39","modified_gmt":"2026-04-26T02:05:39","slug":"roll-up-backpack","status":"publish","type":"product","link":"https:\/\/grupotextil.es\/ca\/product\/roll-up-backpack\/","title":{"rendered":"Roll-Up Backpack"},"content":{"rendered":"<p>Moderna mochila con la funci\u00f3n de enrollado para ganar volumen. Almacenaje separado para tablet o ordenador 15&#8243;. Bolsillo de seguridad trasero y dos bolsillos laterales. Cremallera TPU, tiradores reflectantes. Dimensiones y volumen: 29x42x15cm \u2248 18 l<\/p>\n<p><strong>Composici\u00f3n:<\/strong> Exterior: 300D poli\u00e9ster, Forro: 210D poli\u00e9ster PU, Fondo: 1680D poli\u00e9ster. | <strong>Tallas:<\/strong> UD<\/p>","protected":false},"excerpt":{"rendered":"<p>Moderna mochila con la funci\u00f3n de enrollado para ganar volumen. Almacenaje separado para tablet o ordenador 15&#8243;. Bolsillo de seguridad trasero y dos bolsillos laterales. Cremallera TPU, tiradores reflectantes. Dimensiones y volumen: 29x42x15cm \u2248 18 l<\/p>","protected":false},"featured_media":235467,"comment_status":"open","ping_status":"closed","template":"","meta":{"_acf_changed":false},"product_brand":[10446],"product_cat":[15146],"product_tag":[],"class_list":{"0":"post-227964","1":"product","2":"type-product","3":"status-publish","4":"has-post-thumbnail","6":"product_brand-clique","7":"product_cat-bolsas","8":"tm-no-options","10":"first","11":"instock","12":"taxable","13":"shipping-taxable","14":"product-type-variable"},"acf":[],"_links":{"self":[{"href":"https:\/\/grupotextil.es\/ca\/wp-json\/wp\/v2\/product\/227964","targetHints":{"allow":["GET"]}}],"collection":[{"href":"https:\/\/grupotextil.es\/ca\/wp-json\/wp\/v2\/product"}],"about":[{"href":"https:\/\/grupotextil.es\/ca\/wp-json\/wp\/v2\/types\/product"}],"replies":[{"embeddable":true,"href":"https:\/\/grupotextil.es\/ca\/wp-json\/wp\/v2\/comments?post=227964"}],"wp:featuredmedia":[{"embeddable":true,"href":"https:\/\/grupotextil.es\/ca\/wp-json\/wp\/v2\/media\/235467"}],"wp:attachment":[{"href":"https:\/\/grupotextil.es\/ca\/wp-json\/wp\/v2\/media?parent=227964"}],"wp:term":[{"taxonomy":"product_brand","embeddable":true,"href":"https:\/\/grupotextil.es\/ca\/wp-json\/wp\/v2\/product_brand?post=227964"},{"taxonomy":"product_cat","embeddable":true,"href":"https:\/\/grupotextil.es\/ca\/wp-json\/wp\/v2\/product_cat?post=227964"},{"taxonomy":"product_tag","embeddable":true,"href":"https:\/\/grupotextil.es\/ca\/wp-json\/wp\/v2\/product_tag?post=227964"}],"curies":[{"name":"wp","href":"https:\/\/api.w.org\/{rel}","templated":true}]}}