{"id":228079,"date":"2026-03-04T06:41:06","date_gmt":"2026-03-04T05:41:06","guid":{"rendered":"https:\/\/grupotextil.es\/producto\/2718-chaleco\/"},"modified":"2026-04-19T04:06:48","modified_gmt":"2026-04-19T02:06:48","slug":"2718-chaleco","status":"publish","type":"product","link":"https:\/\/grupotextil.es\/ca\/product\/2718-chaleco\/","title":{"rendered":"2718 CHALECO"},"content":{"rendered":"<p>Chaleco acolchado en material repelente al viento y al agua. Dos bolsillos en el pecho, uno con bolsillo para m\u00f3vil y soluci\u00f3n para manos libres. Dos bolsillos interiores, uno con cierre de cremallera. Ribete reflectante oscuro en el canes\u00fa. Ajustable con cord\u00f3n en la parte inferior. El forro se puede abrir para facilitar el bordado.<\/p>\n<p><strong>Composici\u00f3n:<\/strong> 100% poli\u00e9ster, 195 g\/m2 | <strong>Peso:<\/strong> 195 g\/m\u00b2 | <strong>Tallas:<\/strong> XS-3XL<\/p>","protected":false},"excerpt":{"rendered":"<p>Chaleco acolchado en material repelente al viento y al agua. Dos bolsillos en el pecho, uno con bolsillo para m\u00f3vil y soluci\u00f3n para manos libres. Dos bolsillos interiores, uno con cierre de cremallera. Ribete reflectante oscuro en el canes\u00fa. Ajustabl<\/p>","protected":false},"featured_media":235529,"comment_status":"open","ping_status":"closed","template":"","meta":{"_acf_changed":false},"product_brand":[10531],"product_cat":[13998],"product_tag":[],"class_list":{"0":"post-228079","1":"product","2":"type-product","3":"status-publish","4":"has-post-thumbnail","6":"product_brand-projob","7":"product_cat-n-chaquetas","8":"tm-no-options","10":"first","11":"instock","12":"taxable","13":"shipping-taxable","14":"product-type-variable"},"acf":[],"_links":{"self":[{"href":"https:\/\/grupotextil.es\/ca\/wp-json\/wp\/v2\/product\/228079","targetHints":{"allow":["GET"]}}],"collection":[{"href":"https:\/\/grupotextil.es\/ca\/wp-json\/wp\/v2\/product"}],"about":[{"href":"https:\/\/grupotextil.es\/ca\/wp-json\/wp\/v2\/types\/product"}],"replies":[{"embeddable":true,"href":"https:\/\/grupotextil.es\/ca\/wp-json\/wp\/v2\/comments?post=228079"}],"wp:featuredmedia":[{"embeddable":true,"href":"https:\/\/grupotextil.es\/ca\/wp-json\/wp\/v2\/media\/235529"}],"wp:attachment":[{"href":"https:\/\/grupotextil.es\/ca\/wp-json\/wp\/v2\/media?parent=228079"}],"wp:term":[{"taxonomy":"product_brand","embeddable":true,"href":"https:\/\/grupotextil.es\/ca\/wp-json\/wp\/v2\/product_brand?post=228079"},{"taxonomy":"product_cat","embeddable":true,"href":"https:\/\/grupotextil.es\/ca\/wp-json\/wp\/v2\/product_cat?post=228079"},{"taxonomy":"product_tag","embeddable":true,"href":"https:\/\/grupotextil.es\/ca\/wp-json\/wp\/v2\/product_tag?post=228079"}],"curies":[{"name":"wp","href":"https:\/\/api.w.org\/{rel}","templated":true}]}}