{"id":228083,"date":"2026-03-04T06:41:09","date_gmt":"2026-03-04T05:41:09","guid":{"rendered":"https:\/\/grupotextil.es\/producto\/5566-pantalon-elastico\/"},"modified":"2026-05-03T04:06:29","modified_gmt":"2026-05-03T02:06:29","slug":"5566-pantalon-elastico","status":"publish","type":"product","link":"https:\/\/grupotextil.es\/ca\/product\/5566-pantalon-elastico\/","title":{"rendered":"5566 PANTAL\u00d3N EL\u00c1STICO"},"content":{"rendered":"<p>Pantalones el\u00e1sticos para m\u00e1xima libertad de movimiento y comodidad. Ajuste moderno. Aberturas de ventilaci\u00f3n con cremalleras a lo largo de ambos lados de las piernas con forro de malla, tambi\u00e9n ventilaci\u00f3n en la cintura. Bolsillos en las piernas, en el lado izquierdo bolsillo para herramientas y bol\u00edgrafos, tambi\u00e9n bolsillo para m\u00f3vil con cierre de velcro y gancho para sujetar la tarjeta de identificaci\u00f3n. Posibilidad de acoplar sistema MOLLE en ambos lados. Detalles reflectantes para mayor visibilidad. Extremos de pierna ajustables con cord\u00f3n. Rodillas pre-curvadas. Bolsillos interiores para rodilleras, regulables a dos niveles de altura. Los dobladillos de las piernas est\u00e1n reforzados con Cordura\u00ae, las rodillas est\u00e1n reforzadas con Kevlar el\u00e1stico para mayor durabilidad y comodidad.<\/p>\n<p><strong>Composici\u00f3n:<\/strong> Tejido 1: 65% poli\u00e9ster, 35% algod\u00f3n 270 g\/m2 Tejido 2: 91% nylon, 9% spandex rib stop 248 g\/m2 Tejido 3: 91,5% nylon, 8,5% spandex 245 g\/m2 Tejido 4: 96% nylon, 4% elastano 238 g\/m2 Refuerzos: 100% Cordura\u00ae, Kevlar | <strong>Peso:<\/strong> 270 g\/m2 | <strong>Tallas:<\/strong> D116-D120<\/p>","protected":false},"excerpt":{"rendered":"<p>Pantalones el\u00e1sticos para m\u00e1xima libertad de movimiento y comodidad. Ajuste moderno. Aberturas de ventilaci\u00f3n con cremalleras a lo largo de ambos lados de las piernas con forro de malla, tambi\u00e9n ventilaci\u00f3n en la cintura. Bolsillos en las piernas, en<\/p>","protected":false},"featured_media":235532,"comment_status":"open","ping_status":"closed","template":"","meta":{"_acf_changed":false},"product_brand":[10531],"product_cat":[13983],"product_tag":[],"class_list":{"0":"post-228083","1":"product","2":"type-product","3":"status-publish","4":"has-post-thumbnail","6":"product_brand-projob","7":"product_cat-h-pantalones","8":"tm-no-options","10":"first","11":"instock","12":"taxable","13":"shipping-taxable","14":"product-type-variable"},"acf":[],"_links":{"self":[{"href":"https:\/\/grupotextil.es\/ca\/wp-json\/wp\/v2\/product\/228083","targetHints":{"allow":["GET"]}}],"collection":[{"href":"https:\/\/grupotextil.es\/ca\/wp-json\/wp\/v2\/product"}],"about":[{"href":"https:\/\/grupotextil.es\/ca\/wp-json\/wp\/v2\/types\/product"}],"replies":[{"embeddable":true,"href":"https:\/\/grupotextil.es\/ca\/wp-json\/wp\/v2\/comments?post=228083"}],"wp:featuredmedia":[{"embeddable":true,"href":"https:\/\/grupotextil.es\/ca\/wp-json\/wp\/v2\/media\/235532"}],"wp:attachment":[{"href":"https:\/\/grupotextil.es\/ca\/wp-json\/wp\/v2\/media?parent=228083"}],"wp:term":[{"taxonomy":"product_brand","embeddable":true,"href":"https:\/\/grupotextil.es\/ca\/wp-json\/wp\/v2\/product_brand?post=228083"},{"taxonomy":"product_cat","embeddable":true,"href":"https:\/\/grupotextil.es\/ca\/wp-json\/wp\/v2\/product_cat?post=228083"},{"taxonomy":"product_tag","embeddable":true,"href":"https:\/\/grupotextil.es\/ca\/wp-json\/wp\/v2\/product_tag?post=228083"}],"curies":[{"name":"wp","href":"https:\/\/api.w.org\/{rel}","templated":true}]}}