{"id":228114,"date":"2026-03-04T06:41:29","date_gmt":"2026-03-04T05:41:29","guid":{"rendered":"https:\/\/grupotextil.es\/producto\/adv-nordic-ski-club-vest-w\/"},"modified":"2026-04-19T04:06:48","modified_gmt":"2026-04-19T02:06:48","slug":"adv-nordic-ski-club-vest-w","status":"publish","type":"product","link":"https:\/\/grupotextil.es\/ca\/product\/adv-nordic-ski-club-vest-w\/","title":{"rendered":"ADV Nordic Ski Club Vest W"},"content":{"rendered":"<p>Chaleco de esqu\u00ed n\u00f3rdico funcional y vers\u00e1til con parte delantera acolchada ligeramente dise\u00f1ado para el esqu\u00ed de fondo en condiciones de fr\u00edo. El chaleco viene con la parte delantera acolchada, tejido resistente al viento y al agua 3L en los hombros y los costados.<\/p>\n<p>\u2022 Parte delantera acolchada para mayor calidez y comodidad<\/p>\n<p>\u2022 Acolchado de 60 g\/m2<\/p>\n<p>\u2022 Tejido de 3 capas en hombros y costados<\/p>\n<p>\u2022 Bolsillos laterales con cremallera<\/p>\n<p>\u2022 Bolsillo de parche en el pecho con cremallera oculta<\/p>\n<p><strong>Composici\u00f3n:<\/strong> Parte frontal: 60% poli\u00e9ster reciclado, 40% poli\u00e9ster. Parte trasera: 100% poli\u00e9ster reciclado. Parte superior: Cara 100% poli\u00e9ster, Medio 100% poliuretano, Espalda 100% poli\u00e9ster | <strong>Tallas:<\/strong> XS-XXL<\/p>","protected":false},"excerpt":{"rendered":"<p>Chaleco de esqu\u00ed n\u00f3rdico funcional y vers\u00e1til con parte delantera acolchada ligeramente dise\u00f1ado para el esqu\u00ed de fondo en condiciones de fr\u00edo. El chaleco viene con la parte delantera acolchada, tejido resistente al viento y al agua 3L en los hombros<\/p>","protected":false},"featured_media":235552,"comment_status":"open","ping_status":"closed","template":"","meta":{"_acf_changed":false},"product_brand":[10489],"product_cat":[13998],"product_tag":[],"class_list":{"0":"post-228114","1":"product","2":"type-product","3":"status-publish","4":"has-post-thumbnail","6":"product_brand-craft","7":"product_cat-n-chaquetas","8":"tm-no-options","10":"first","11":"instock","12":"taxable","13":"shipping-taxable","14":"product-type-variable"},"acf":[],"_links":{"self":[{"href":"https:\/\/grupotextil.es\/ca\/wp-json\/wp\/v2\/product\/228114","targetHints":{"allow":["GET"]}}],"collection":[{"href":"https:\/\/grupotextil.es\/ca\/wp-json\/wp\/v2\/product"}],"about":[{"href":"https:\/\/grupotextil.es\/ca\/wp-json\/wp\/v2\/types\/product"}],"replies":[{"embeddable":true,"href":"https:\/\/grupotextil.es\/ca\/wp-json\/wp\/v2\/comments?post=228114"}],"wp:featuredmedia":[{"embeddable":true,"href":"https:\/\/grupotextil.es\/ca\/wp-json\/wp\/v2\/media\/235552"}],"wp:attachment":[{"href":"https:\/\/grupotextil.es\/ca\/wp-json\/wp\/v2\/media?parent=228114"}],"wp:term":[{"taxonomy":"product_brand","embeddable":true,"href":"https:\/\/grupotextil.es\/ca\/wp-json\/wp\/v2\/product_brand?post=228114"},{"taxonomy":"product_cat","embeddable":true,"href":"https:\/\/grupotextil.es\/ca\/wp-json\/wp\/v2\/product_cat?post=228114"},{"taxonomy":"product_tag","embeddable":true,"href":"https:\/\/grupotextil.es\/ca\/wp-json\/wp\/v2\/product_tag?post=228114"}],"curies":[{"name":"wp","href":"https:\/\/api.w.org\/{rel}","templated":true}]}}