{"id":228121,"date":"2026-03-04T06:41:33","date_gmt":"2026-03-04T05:41:33","guid":{"rendered":"https:\/\/grupotextil.es\/producto\/core-explore-fleece-midlayer-m\/"},"modified":"2026-04-19T04:06:48","modified_gmt":"2026-04-19T02:06:48","slug":"core-explore-fleece-midlayer-m","status":"publish","type":"product","link":"https:\/\/grupotextil.es\/ca\/product\/core-explore-fleece-midlayer-m\/","title":{"rendered":"CORE Explore Fleece Midlayer M"},"content":{"rendered":"<p>La capa intermedia de forro polar CORE Explore Fleece Midlayer es un forro polar aislante con media cremallera que te mantiene abrigado y c\u00f3modo en las excursiones al aire libre.<\/p>\n<p>Este c\u00e1lido jersey de cuello alto est\u00e1 confeccionado en un tejido t\u00e9rmico de micropolar cepillado por ambas caras para un aislamiento \u00f3ptimo. La prenda tambi\u00e9n solapa para cremallera en el cuello para una comodidad \u00f3ptima. Puede utilizarse como prenda independiente en temperaturas m\u00e1s suaves o como capa intermedia debajo de una chaqueta exterior en los d\u00edas fr\u00edos de invierno.<\/p>\n<p>\u2022 Microforro polar t\u00e9rmico de poli\u00e9ster reciclado<\/p>\n<p>\u2022 Cepillado por ambos lados<\/p>\n<p>\u2022 Cuello alto con media cremallera invertida<\/p>\n<p>\u2022 Solapa para cremallera en el cuello<\/p>\n<p>\u2022 Regular fit<\/p>\n<p><strong>Composici\u00f3n:<\/strong> 100% Poli\u00e9ster reciclado | <strong>Tallas:<\/strong> S-3XL<\/p>","protected":false},"excerpt":{"rendered":"<p>La capa intermedia de forro polar CORE Explore Fleece Midlayer es un forro polar aislante con media cremallera que te mantiene abrigado y c\u00f3modo en las excursiones al aire libre.<\/p>","protected":false},"featured_media":235555,"comment_status":"open","ping_status":"closed","template":"","meta":{"_acf_changed":false},"product_brand":[10489],"product_cat":[13986,13977,13990,13981,13974,13932,13930,13975,13935,13973],"product_tag":[],"class_list":{"0":"post-228121","1":"product","2":"type-product","3":"status-publish","4":"has-post-thumbnail","6":"product_brand-craft","7":"product_cat-m-camisetas-manga-corta","8":"product_cat-h-camisetas-manga-corta","9":"product_cat-m-chaquetas-y-abrigos","10":"product_cat-h-chaquetas-y-abrigos","11":"product_cat-ropa-hombre","12":"product_cat-hosteleria-horeca","13":"product_cat-laboral","14":"product_cat-ropa-mujer","15":"product_cat-pantalones-cocina","16":"product_cat-ropa","17":"tm-no-options","19":"first","20":"instock","21":"taxable","22":"shipping-taxable","23":"product-type-variable"},"acf":[],"_links":{"self":[{"href":"https:\/\/grupotextil.es\/ca\/wp-json\/wp\/v2\/product\/228121","targetHints":{"allow":["GET"]}}],"collection":[{"href":"https:\/\/grupotextil.es\/ca\/wp-json\/wp\/v2\/product"}],"about":[{"href":"https:\/\/grupotextil.es\/ca\/wp-json\/wp\/v2\/types\/product"}],"replies":[{"embeddable":true,"href":"https:\/\/grupotextil.es\/ca\/wp-json\/wp\/v2\/comments?post=228121"}],"wp:featuredmedia":[{"embeddable":true,"href":"https:\/\/grupotextil.es\/ca\/wp-json\/wp\/v2\/media\/235555"}],"wp:attachment":[{"href":"https:\/\/grupotextil.es\/ca\/wp-json\/wp\/v2\/media?parent=228121"}],"wp:term":[{"taxonomy":"product_brand","embeddable":true,"href":"https:\/\/grupotextil.es\/ca\/wp-json\/wp\/v2\/product_brand?post=228121"},{"taxonomy":"product_cat","embeddable":true,"href":"https:\/\/grupotextil.es\/ca\/wp-json\/wp\/v2\/product_cat?post=228121"},{"taxonomy":"product_tag","embeddable":true,"href":"https:\/\/grupotextil.es\/ca\/wp-json\/wp\/v2\/product_tag?post=228121"}],"curies":[{"name":"wp","href":"https:\/\/api.w.org\/{rel}","templated":true}]}}