{"id":228159,"date":"2026-03-04T06:41:57","date_gmt":"2026-03-04T05:41:57","guid":{"rendered":"https:\/\/grupotextil.es\/producto\/6506-pantalon-cordura-hv-clase-2\/"},"modified":"2026-04-19T04:06:48","modified_gmt":"2026-04-19T02:06:48","slug":"6506-pantalon-cordura-hv-clase-2","status":"publish","type":"product","link":"https:\/\/grupotextil.es\/ca\/product\/6506-pantalon-cordura-hv-clase-2\/","title":{"rendered":"6506 PANTAL\u00d3N CORDURA HV CLASE 2"},"content":{"rendered":"<p>Pantalones con dos bolsillos colgantes para guardar peque\u00f1as piezas met\u00e1licas, que se pueden ocultar, uno de ellos con bolsillos peque\u00f1os dentro y el otro con trabillas para colgar herramientas. Los bolsillos para clavos est\u00e1n reforzados de 100% poliamida. Doble tejido para proteger los muslos. Bolsillos tipo \u201ccargo pockets\u201d con bolsillos exteriores para el m\u00f3vil, bol\u00edgrafo y herramientas. Dos trabillas ajustables para el martillo y dos anillas para colgar llaves. Bolsillo para metro, herramientas y bot\u00f3n para el c\u00fater. Bolsillos protectores ajustables de Cordura\u00ae para las rodillas con abertura interior. La parte baja detr\u00e1s de las piernas est\u00e1 reforzada con Cordura\u00ae.<\/p>\n<p><strong>Composici\u00f3n:<\/strong> 68% poli\u00e9ster, 32% algod\u00f3n, 275 g\/m2  Refuerzos: 100% poliamida, Cordura\u00ae | <strong>Peso:<\/strong> 275 g\/m\u00b2 | <strong>Tallas:<\/strong> C44-D120<\/p>","protected":false},"excerpt":{"rendered":"<p>Pantalones con dos bolsillos colgantes para guardar peque\u00f1as piezas met\u00e1licas, que se pueden ocultar, uno de ellos con bolsillos peque\u00f1os dentro y el otro con trabillas para colgar herramientas. Los bolsillos para clavos est\u00e1n reforzados de 100% poli<\/p>","protected":false},"featured_media":235574,"comment_status":"open","ping_status":"closed","template":"","meta":{"_acf_changed":false},"product_brand":[10531],"product_cat":[13983],"product_tag":[],"class_list":{"0":"post-228159","1":"product","2":"type-product","3":"status-publish","4":"has-post-thumbnail","6":"product_brand-projob","7":"product_cat-h-pantalones","8":"tm-no-options","10":"first","11":"instock","12":"taxable","13":"shipping-taxable","14":"product-type-variable"},"acf":[],"_links":{"self":[{"href":"https:\/\/grupotextil.es\/ca\/wp-json\/wp\/v2\/product\/228159","targetHints":{"allow":["GET"]}}],"collection":[{"href":"https:\/\/grupotextil.es\/ca\/wp-json\/wp\/v2\/product"}],"about":[{"href":"https:\/\/grupotextil.es\/ca\/wp-json\/wp\/v2\/types\/product"}],"replies":[{"embeddable":true,"href":"https:\/\/grupotextil.es\/ca\/wp-json\/wp\/v2\/comments?post=228159"}],"wp:featuredmedia":[{"embeddable":true,"href":"https:\/\/grupotextil.es\/ca\/wp-json\/wp\/v2\/media\/235574"}],"wp:attachment":[{"href":"https:\/\/grupotextil.es\/ca\/wp-json\/wp\/v2\/media?parent=228159"}],"wp:term":[{"taxonomy":"product_brand","embeddable":true,"href":"https:\/\/grupotextil.es\/ca\/wp-json\/wp\/v2\/product_brand?post=228159"},{"taxonomy":"product_cat","embeddable":true,"href":"https:\/\/grupotextil.es\/ca\/wp-json\/wp\/v2\/product_cat?post=228159"},{"taxonomy":"product_tag","embeddable":true,"href":"https:\/\/grupotextil.es\/ca\/wp-json\/wp\/v2\/product_tag?post=228159"}],"curies":[{"name":"wp","href":"https:\/\/api.w.org\/{rel}","templated":true}]}}