{"id":228207,"date":"2026-03-04T06:42:25","date_gmt":"2026-03-04T05:42:25","guid":{"rendered":"https:\/\/grupotextil.es\/producto\/collective-structure-shorts-m\/"},"modified":"2026-04-19T04:06:48","modified_gmt":"2026-04-19T02:06:48","slug":"collective-structure-shorts-m","status":"publish","type":"product","link":"https:\/\/grupotextil.es\/ca\/product\/collective-structure-shorts-m\/","title":{"rendered":"Collective Structure Shorts M"},"content":{"rendered":"<p>Los Collective Structure son unos c\u00f3modos pantalones cortos de entrenamiento con un atractivo atemporal que se adapta perfectamente a las actividades deportivas y a tu vida diaria.<\/p>\n<p>Estos pantalones cortos de corte informal est\u00e1n confeccionados en un tejido de poli\u00e9ster con gran elasticidad y una superficie con estructura jacquard, lo que aporta comodidad, rendimiento y estilo a partes iguales. La cintura el\u00e1stica con cord\u00f3n ajustable garantiza un ajuste perfecto, mientras que sus dos bolsillos laterales y el bolsillo trasero con cremallera los dotan de una pr\u00e1ctica capacidad de almacenamiento. Una manifestaci\u00f3n de maestr\u00eda artesanal en cada detalle.<\/p>\n<p>\u2022 Tejido el\u00e1stico de poli\u00e9ster y elastano reciclados<\/p>\n<p>\u2022 Superficie con estructura jacquard<\/p>\n<p>\u2022 Cord\u00f3n ajustable en la cintura<\/p>\n<p>\u2022 Dos bolsillos laterales<\/p>\n<p>\u2022 Bolsillo trasero con cremallera<\/p>\n<p>\u2022 Ajuste regular<\/p>\n<p><strong>Composici\u00f3n:<\/strong> 89% Polyester Recycled, 11% Elastane | <strong>Tallas:<\/strong> XS-XXL<\/p>","protected":false},"excerpt":{"rendered":"<p>Los Collective Structure son unos c\u00f3modos pantalones cortos de entrenamiento con un atractivo atemporal que se adapta perfectamente a las actividades deportivas y a tu vida diaria.<\/p>","protected":false},"featured_media":235600,"comment_status":"open","ping_status":"closed","template":"","meta":{"_acf_changed":false},"product_brand":[10489],"product_cat":[13983],"product_tag":[],"class_list":{"0":"post-228207","1":"product","2":"type-product","3":"status-publish","4":"has-post-thumbnail","6":"product_brand-craft","7":"product_cat-h-pantalones","8":"tm-no-options","10":"first","11":"instock","12":"taxable","13":"shipping-taxable","14":"product-type-variable"},"acf":[],"_links":{"self":[{"href":"https:\/\/grupotextil.es\/ca\/wp-json\/wp\/v2\/product\/228207","targetHints":{"allow":["GET"]}}],"collection":[{"href":"https:\/\/grupotextil.es\/ca\/wp-json\/wp\/v2\/product"}],"about":[{"href":"https:\/\/grupotextil.es\/ca\/wp-json\/wp\/v2\/types\/product"}],"replies":[{"embeddable":true,"href":"https:\/\/grupotextil.es\/ca\/wp-json\/wp\/v2\/comments?post=228207"}],"wp:featuredmedia":[{"embeddable":true,"href":"https:\/\/grupotextil.es\/ca\/wp-json\/wp\/v2\/media\/235600"}],"wp:attachment":[{"href":"https:\/\/grupotextil.es\/ca\/wp-json\/wp\/v2\/media?parent=228207"}],"wp:term":[{"taxonomy":"product_brand","embeddable":true,"href":"https:\/\/grupotextil.es\/ca\/wp-json\/wp\/v2\/product_brand?post=228207"},{"taxonomy":"product_cat","embeddable":true,"href":"https:\/\/grupotextil.es\/ca\/wp-json\/wp\/v2\/product_cat?post=228207"},{"taxonomy":"product_tag","embeddable":true,"href":"https:\/\/grupotextil.es\/ca\/wp-json\/wp\/v2\/product_tag?post=228207"}],"curies":[{"name":"wp","href":"https:\/\/api.w.org\/{rel}","templated":true}]}}