{"id":228270,"date":"2026-03-04T06:43:05","date_gmt":"2026-03-04T05:43:05","guid":{"rendered":"https:\/\/grupotextil.es\/producto\/core-insulate-glove\/"},"modified":"2026-04-19T04:06:49","modified_gmt":"2026-04-19T02:06:49","slug":"core-insulate-glove","status":"publish","type":"product","link":"https:\/\/grupotextil.es\/ca\/product\/core-insulate-glove\/","title":{"rendered":"CORE Insulate Glove"},"content":{"rendered":"<p>Core Insulate es un guante de esqu\u00ed de fondo acolchado y forrado con forro polar, en la parte superior cortaviento para entrenar en condiciones fr\u00edas. Este guante c\u00e1lido y vers\u00e1til se ha confeccionado con pu\u00f1os de canal\u00e9 de punto para un ajuste ce\u00f1ido alrededor de la mu\u00f1eca, impresi\u00f3n de silicona en la palma para mejorar el agarre y print reflectante.<\/p>\n<p>\u2022 Forro polar y aislamiento acolchado<\/p>\n<p>\u2022 Parte superior cortaviento<\/p>\n<p>\u2022 Pu\u00f1os de punto el\u00e1stico<\/p>\n<p>\u2022 Impresi\u00f3n de silicona en la palma<\/p>\n<p>\u2022 Logo reflectante<\/p>\n<p><strong>Composici\u00f3n:<\/strong> Dorso: Cara 94% Poli\u00e9ster 6% Elastano Medio: 100% Poliuretano Trasera: 100% Poli\u00e9ster; Palma: 65% poliuretano 35% poli\u00e9ster; Acolchado: 100% poli\u00e9ster; Forro: 100% poli\u00e9ster | <strong>Tallas:<\/strong> 6\/XXS-12\/XL<\/p>","protected":false},"excerpt":{"rendered":"<p>Core Insulate es un guante de esqu\u00ed de fondo acolchado y forrado con forro polar, en la parte superior cortaviento para entrenar en condiciones fr\u00edas. Este guante c\u00e1lido y vers\u00e1til se ha confeccionado con pu\u00f1os de canal\u00e9 de punto para un ajuste ce\u00f1id<\/p>","protected":false},"featured_media":235633,"comment_status":"open","ping_status":"closed","template":"","meta":{"_acf_changed":false},"product_brand":[10489],"product_cat":[15147],"product_tag":[],"class_list":{"0":"post-228270","1":"product","2":"type-product","3":"status-publish","4":"has-post-thumbnail","6":"product_brand-craft","7":"product_cat-new-wave","8":"tm-no-options","10":"first","11":"instock","12":"taxable","13":"shipping-taxable","14":"product-type-variable"},"acf":[],"_links":{"self":[{"href":"https:\/\/grupotextil.es\/ca\/wp-json\/wp\/v2\/product\/228270","targetHints":{"allow":["GET"]}}],"collection":[{"href":"https:\/\/grupotextil.es\/ca\/wp-json\/wp\/v2\/product"}],"about":[{"href":"https:\/\/grupotextil.es\/ca\/wp-json\/wp\/v2\/types\/product"}],"replies":[{"embeddable":true,"href":"https:\/\/grupotextil.es\/ca\/wp-json\/wp\/v2\/comments?post=228270"}],"wp:featuredmedia":[{"embeddable":true,"href":"https:\/\/grupotextil.es\/ca\/wp-json\/wp\/v2\/media\/235633"}],"wp:attachment":[{"href":"https:\/\/grupotextil.es\/ca\/wp-json\/wp\/v2\/media?parent=228270"}],"wp:term":[{"taxonomy":"product_brand","embeddable":true,"href":"https:\/\/grupotextil.es\/ca\/wp-json\/wp\/v2\/product_brand?post=228270"},{"taxonomy":"product_cat","embeddable":true,"href":"https:\/\/grupotextil.es\/ca\/wp-json\/wp\/v2\/product_cat?post=228270"},{"taxonomy":"product_tag","embeddable":true,"href":"https:\/\/grupotextil.es\/ca\/wp-json\/wp\/v2\/product_tag?post=228270"}],"curies":[{"name":"wp","href":"https:\/\/api.w.org\/{rel}","templated":true}]}}