{"id":228277,"date":"2026-03-04T06:43:09","date_gmt":"2026-03-04T05:43:09","guid":{"rendered":"https:\/\/grupotextil.es\/producto\/core-essence-shorts-2-m\/"},"modified":"2026-04-19T04:06:49","modified_gmt":"2026-04-19T02:06:49","slug":"core-essence-shorts-2-m","status":"publish","type":"product","link":"https:\/\/grupotextil.es\/ca\/product\/core-essence-shorts-2-m\/","title":{"rendered":"CORE Essence Shorts 2 M"},"content":{"rendered":"<p>Los CORE Essence Shorts 2 son unos pantalones cortos funcionales de entrenamiento con una gran elasticidad que constituyen una excelente opci\u00f3n para la mayor\u00eda de tipos de entrenamiento. Estos vers\u00e1tiles shorts cuentan con una cintura el\u00e1stica con cord\u00f3n ajustable y dos bolsillos laterales inclinados.<\/p>\n<p>\u2022 Tejido funcional de poli\u00e9ster y elastano reciclados<\/p>\n<p>\u2022 Cintura el\u00e1stica con cord\u00f3n ajustable<\/p>\n<p>\u2022 Dos bolsillos laterales inclinados<\/p>\n<p>\u2022 Largo de la entrepierna: aprox. 12\u00a0cm en la talla M<\/p>\n<p>\u2022 Ajuste regular<\/p>\n<p><strong>Composici\u00f3n:<\/strong> 100% Polyester Recycled | <strong>Tallas:<\/strong> XS-XXL<\/p>","protected":false},"excerpt":{"rendered":"<p>Los CORE Essence Shorts 2 son unos pantalones cortos funcionales de entrenamiento con una gran elasticidad que constituyen una excelente opci\u00f3n para la mayor\u00eda de tipos de entrenamiento. Estos vers\u00e1tiles shorts cuentan con una cintura el\u00e1stica con co<\/p>","protected":false},"featured_media":235638,"comment_status":"open","ping_status":"closed","template":"","meta":{"_acf_changed":false},"product_brand":[10489],"product_cat":[13983],"product_tag":[],"class_list":{"0":"post-228277","1":"product","2":"type-product","3":"status-publish","4":"has-post-thumbnail","6":"product_brand-craft","7":"product_cat-h-pantalones","8":"tm-no-options","10":"first","11":"instock","12":"taxable","13":"shipping-taxable","14":"product-type-variable"},"acf":[],"_links":{"self":[{"href":"https:\/\/grupotextil.es\/ca\/wp-json\/wp\/v2\/product\/228277","targetHints":{"allow":["GET"]}}],"collection":[{"href":"https:\/\/grupotextil.es\/ca\/wp-json\/wp\/v2\/product"}],"about":[{"href":"https:\/\/grupotextil.es\/ca\/wp-json\/wp\/v2\/types\/product"}],"replies":[{"embeddable":true,"href":"https:\/\/grupotextil.es\/ca\/wp-json\/wp\/v2\/comments?post=228277"}],"wp:featuredmedia":[{"embeddable":true,"href":"https:\/\/grupotextil.es\/ca\/wp-json\/wp\/v2\/media\/235638"}],"wp:attachment":[{"href":"https:\/\/grupotextil.es\/ca\/wp-json\/wp\/v2\/media?parent=228277"}],"wp:term":[{"taxonomy":"product_brand","embeddable":true,"href":"https:\/\/grupotextil.es\/ca\/wp-json\/wp\/v2\/product_brand?post=228277"},{"taxonomy":"product_cat","embeddable":true,"href":"https:\/\/grupotextil.es\/ca\/wp-json\/wp\/v2\/product_cat?post=228277"},{"taxonomy":"product_tag","embeddable":true,"href":"https:\/\/grupotextil.es\/ca\/wp-json\/wp\/v2\/product_tag?post=228277"}],"curies":[{"name":"wp","href":"https:\/\/api.w.org\/{rel}","templated":true}]}}