{"id":228309,"date":"2026-03-04T06:43:28","date_gmt":"2026-03-04T05:43:28","guid":{"rendered":"https:\/\/grupotextil.es\/producto\/rb20-twill-slim\/"},"modified":"2026-04-26T04:05:41","modified_gmt":"2026-04-26T02:05:41","slug":"rb20-twill-slim","status":"publish","type":"product","link":"https:\/\/grupotextil.es\/ca\/product\/rb20-twill-slim\/","title":{"rendered":"RB20 Twill Slim"},"content":{"rendered":"<p>En nuestra l\u00ednea Red Bow hemos reinventado la camisa cl\u00e1sica a\u00f1adiendo colores y m\u00e1s detalles sofisticados, pero manteniendo el estilo de camisa elegante. Confeccionada con sarga de altas prestaciones d\u00e1ndole un tacto suave y haci\u00e9ndola menos transparente que el resto de camisas similares.<\/p>\n<p><strong>Composici\u00f3n:<\/strong> 100% Algod\u00f3n compacto de 2 capas de fibras largas, 124 g\/m\u00b2, lavable a m\u00e1quina. Non-Iron. Costuras principales selladas. Manga larga. Pu\u00f1o de \u00e1ngel sencillo, con ojal adicional para gemelos. Botones de 4 mm de grosor. | <strong>Peso:<\/strong> 124 g\/m\u00b2 | <strong>Tallas:<\/strong> XS-XXL<\/p>","protected":false},"excerpt":{"rendered":"<p>En nuestra l\u00ednea Red Bow hemos reinventado la camisa cl\u00e1sica a\u00f1adiendo colores y m\u00e1s detalles sofisticados, pero manteniendo el estilo de camisa elegante. Confeccionada con sarga de altas prestaciones d\u00e1ndole un tacto suave y haci\u00e9ndola menos transpa<\/p>","protected":false},"featured_media":235654,"comment_status":"open","ping_status":"closed","template":"","meta":{"_acf_changed":false},"product_brand":[10563],"product_cat":[13995],"product_tag":[],"class_list":{"0":"post-228309","1":"product","2":"type-product","3":"status-publish","4":"has-post-thumbnail","6":"product_brand-j-harvest-frost","7":"product_cat-n-camisetas","8":"tm-no-options","10":"first","11":"instock","12":"taxable","13":"shipping-taxable","14":"product-type-variable"},"acf":[],"_links":{"self":[{"href":"https:\/\/grupotextil.es\/ca\/wp-json\/wp\/v2\/product\/228309","targetHints":{"allow":["GET"]}}],"collection":[{"href":"https:\/\/grupotextil.es\/ca\/wp-json\/wp\/v2\/product"}],"about":[{"href":"https:\/\/grupotextil.es\/ca\/wp-json\/wp\/v2\/types\/product"}],"replies":[{"embeddable":true,"href":"https:\/\/grupotextil.es\/ca\/wp-json\/wp\/v2\/comments?post=228309"}],"wp:featuredmedia":[{"embeddable":true,"href":"https:\/\/grupotextil.es\/ca\/wp-json\/wp\/v2\/media\/235654"}],"wp:attachment":[{"href":"https:\/\/grupotextil.es\/ca\/wp-json\/wp\/v2\/media?parent=228309"}],"wp:term":[{"taxonomy":"product_brand","embeddable":true,"href":"https:\/\/grupotextil.es\/ca\/wp-json\/wp\/v2\/product_brand?post=228309"},{"taxonomy":"product_cat","embeddable":true,"href":"https:\/\/grupotextil.es\/ca\/wp-json\/wp\/v2\/product_cat?post=228309"},{"taxonomy":"product_tag","embeddable":true,"href":"https:\/\/grupotextil.es\/ca\/wp-json\/wp\/v2\/product_tag?post=228309"}],"curies":[{"name":"wp","href":"https:\/\/api.w.org\/{rel}","templated":true}]}}