{"id":228318,"date":"2026-03-04T06:43:34","date_gmt":"2026-03-04T05:43:34","guid":{"rendered":"https:\/\/grupotextil.es\/producto\/6510-pantalon-pirata-cordura-hv-clase-2\/"},"modified":"2026-05-03T04:06:31","modified_gmt":"2026-05-03T02:06:31","slug":"6510-pantalon-pirata-cordura-hv-clase-2","status":"publish","type":"product","link":"https:\/\/grupotextil.es\/ca\/product\/6510-pantalon-pirata-cordura-hv-clase-2\/","title":{"rendered":"6510 PANTAL\u00d3N PIRATA CORDURA HV CLASE 2"},"content":{"rendered":"<p>Pantal\u00f3n pirata con dos bolsillos colgantes que se pueden ocultar; uno con bolsillo extra y otro con trabillas para las herramientas, todo reforzado de 100% Cordura\u00ae. Doble capa alrededor de los muslos. \u201cCargo pockets\u201d con espacio para llevar el m\u00f3vil, bol\u00edgrafo o herramientas. Dos trabillas ajustables para el martillo. Dos anillas y bolsillo para poner el c\u00fater. Realzado de Poliamida para las rodillas con abertura interior y altura ajustable. Bolsillos traseros y \u201ccargo pockets\u201d est\u00e1n adaptados para acoplar nuestros Inbags.<\/p>\n<p><strong>Composici\u00f3n:<\/strong> 68% poli\u00e9ster, 32% algod\u00f3n &#8211; 275 g\/m2 Refuerzos: 100% poliamida, Cordura\u00ae | <strong>Peso:<\/strong> 275 g\/m\u00b2 | <strong>Tallas:<\/strong> C44-C62<\/p>","protected":false},"excerpt":{"rendered":"<p>Pantal\u00f3n pirata con dos bolsillos colgantes que se pueden ocultar; uno con bolsillo extra y otro con trabillas para las herramientas, todo reforzado de 100% Cordura\u00ae. Doble capa alrededor de los muslos. \u201cCargo pockets\u201d con espacio para llevar el m\u00f3vi<\/p>","protected":false},"featured_media":235658,"comment_status":"open","ping_status":"closed","template":"","meta":{"_acf_changed":false},"product_brand":[10531],"product_cat":[13983],"product_tag":[],"class_list":{"0":"post-228318","1":"product","2":"type-product","3":"status-publish","4":"has-post-thumbnail","6":"product_brand-projob","7":"product_cat-h-pantalones","8":"tm-no-options","10":"first","11":"instock","12":"taxable","13":"shipping-taxable","14":"product-type-variable"},"acf":[],"_links":{"self":[{"href":"https:\/\/grupotextil.es\/ca\/wp-json\/wp\/v2\/product\/228318","targetHints":{"allow":["GET"]}}],"collection":[{"href":"https:\/\/grupotextil.es\/ca\/wp-json\/wp\/v2\/product"}],"about":[{"href":"https:\/\/grupotextil.es\/ca\/wp-json\/wp\/v2\/types\/product"}],"replies":[{"embeddable":true,"href":"https:\/\/grupotextil.es\/ca\/wp-json\/wp\/v2\/comments?post=228318"}],"wp:featuredmedia":[{"embeddable":true,"href":"https:\/\/grupotextil.es\/ca\/wp-json\/wp\/v2\/media\/235658"}],"wp:attachment":[{"href":"https:\/\/grupotextil.es\/ca\/wp-json\/wp\/v2\/media?parent=228318"}],"wp:term":[{"taxonomy":"product_brand","embeddable":true,"href":"https:\/\/grupotextil.es\/ca\/wp-json\/wp\/v2\/product_brand?post=228318"},{"taxonomy":"product_cat","embeddable":true,"href":"https:\/\/grupotextil.es\/ca\/wp-json\/wp\/v2\/product_cat?post=228318"},{"taxonomy":"product_tag","embeddable":true,"href":"https:\/\/grupotextil.es\/ca\/wp-json\/wp\/v2\/product_tag?post=228318"}],"curies":[{"name":"wp","href":"https:\/\/api.w.org\/{rel}","templated":true}]}}