{"id":228326,"date":"2026-03-04T06:43:40","date_gmt":"2026-03-04T05:43:40","guid":{"rendered":"https:\/\/grupotextil.es\/producto\/neon-t-women\/"},"modified":"2026-04-19T04:06:49","modified_gmt":"2026-04-19T02:06:49","slug":"neon-t-women","status":"publish","type":"product","link":"https:\/\/grupotextil.es\/ca\/product\/neon-t-women\/","title":{"rendered":"Neon-T Women"},"content":{"rendered":"<p>Camiseta de poli\u00e9ster en ajuste moderno con tacto de algod\u00f3n. Canal\u00e9 de doble capa y tapeta reforzada. Costuras laterales.<\/p>\n<p><strong>Composici\u00f3n:<\/strong> 100% poli\u00e9ster | <strong>Peso:<\/strong> 160 g\/m2 | <strong>Tallas:<\/strong> XS-XXL<\/p>","protected":false},"excerpt":{"rendered":"<p>Camiseta de poli\u00e9ster en ajuste moderno con tacto de algod\u00f3n. Canal\u00e9 de doble capa y tapeta reforzada. Costuras laterales.<\/p>","protected":false},"featured_media":235663,"comment_status":"open","ping_status":"closed","template":"","meta":{"_acf_changed":false},"product_brand":[10446],"product_cat":[13995],"product_tag":[],"class_list":{"0":"post-228326","1":"product","2":"type-product","3":"status-publish","4":"has-post-thumbnail","6":"product_brand-clique","7":"product_cat-n-camisetas","8":"tm-no-options","10":"first","11":"instock","12":"taxable","13":"shipping-taxable","14":"product-type-variable"},"acf":[],"_links":{"self":[{"href":"https:\/\/grupotextil.es\/ca\/wp-json\/wp\/v2\/product\/228326","targetHints":{"allow":["GET"]}}],"collection":[{"href":"https:\/\/grupotextil.es\/ca\/wp-json\/wp\/v2\/product"}],"about":[{"href":"https:\/\/grupotextil.es\/ca\/wp-json\/wp\/v2\/types\/product"}],"replies":[{"embeddable":true,"href":"https:\/\/grupotextil.es\/ca\/wp-json\/wp\/v2\/comments?post=228326"}],"wp:featuredmedia":[{"embeddable":true,"href":"https:\/\/grupotextil.es\/ca\/wp-json\/wp\/v2\/media\/235663"}],"wp:attachment":[{"href":"https:\/\/grupotextil.es\/ca\/wp-json\/wp\/v2\/media?parent=228326"}],"wp:term":[{"taxonomy":"product_brand","embeddable":true,"href":"https:\/\/grupotextil.es\/ca\/wp-json\/wp\/v2\/product_brand?post=228326"},{"taxonomy":"product_cat","embeddable":true,"href":"https:\/\/grupotextil.es\/ca\/wp-json\/wp\/v2\/product_cat?post=228326"},{"taxonomy":"product_tag","embeddable":true,"href":"https:\/\/grupotextil.es\/ca\/wp-json\/wp\/v2\/product_tag?post=228326"}],"curies":[{"name":"wp","href":"https:\/\/api.w.org\/{rel}","templated":true}]}}