{"id":228329,"date":"2026-03-04T06:43:41","date_gmt":"2026-03-04T05:43:41","guid":{"rendered":"https:\/\/grupotextil.es\/producto\/2-in-1-bag-42l\/"},"modified":"2026-04-19T04:06:49","modified_gmt":"2026-04-19T02:06:49","slug":"2-in-1-bag-42l","status":"publish","type":"product","link":"https:\/\/grupotextil.es\/ca\/product\/2-in-1-bag-42l\/","title":{"rendered":"2-in-1 bag 42L"},"content":{"rendered":"<p>Pr\u00e1ctica bolsa en un dise\u00f1o moderno, combina bolsa y mochila. Bolsa deportiva repelente al agua y con gran espacio en su interior. Correas ajustables. Poli\u00e9ster en fondo y lados para una mejor impresi\u00f3n. Dimensiones y volumen: 51cm, \u00f8 33cm \u2248 42 l<\/p>\n<p><strong>Composici\u00f3n:<\/strong> Tejido PVC encerado, fondo y laterales en poli\u00e9ster. | <strong>Tallas:<\/strong> UD<\/p>","protected":false},"excerpt":{"rendered":"<p>Pr\u00e1ctica bolsa en un dise\u00f1o moderno, combina bolsa y mochila. Bolsa deportiva repelente al agua y con gran espacio en su interior. Correas ajustables. Poli\u00e9ster en fondo y lados para una mejor impresi\u00f3n. Dimensiones y volumen: 51cm, \u00f8 33cm \u2248 42 l<\/p>","protected":false},"featured_media":235666,"comment_status":"open","ping_status":"closed","template":"","meta":{"_acf_changed":false},"product_brand":[10446],"product_cat":[15146,15149],"product_tag":[],"class_list":{"0":"post-228329","1":"product","2":"type-product","3":"status-publish","4":"has-post-thumbnail","6":"product_brand-clique","7":"product_cat-bolsas","8":"product_cat-unisex-junior-mujer","9":"tm-no-options","11":"first","12":"instock","13":"taxable","14":"shipping-taxable","15":"product-type-variable"},"acf":[],"_links":{"self":[{"href":"https:\/\/grupotextil.es\/ca\/wp-json\/wp\/v2\/product\/228329","targetHints":{"allow":["GET"]}}],"collection":[{"href":"https:\/\/grupotextil.es\/ca\/wp-json\/wp\/v2\/product"}],"about":[{"href":"https:\/\/grupotextil.es\/ca\/wp-json\/wp\/v2\/types\/product"}],"replies":[{"embeddable":true,"href":"https:\/\/grupotextil.es\/ca\/wp-json\/wp\/v2\/comments?post=228329"}],"wp:featuredmedia":[{"embeddable":true,"href":"https:\/\/grupotextil.es\/ca\/wp-json\/wp\/v2\/media\/235666"}],"wp:attachment":[{"href":"https:\/\/grupotextil.es\/ca\/wp-json\/wp\/v2\/media?parent=228329"}],"wp:term":[{"taxonomy":"product_brand","embeddable":true,"href":"https:\/\/grupotextil.es\/ca\/wp-json\/wp\/v2\/product_brand?post=228329"},{"taxonomy":"product_cat","embeddable":true,"href":"https:\/\/grupotextil.es\/ca\/wp-json\/wp\/v2\/product_cat?post=228329"},{"taxonomy":"product_tag","embeddable":true,"href":"https:\/\/grupotextil.es\/ca\/wp-json\/wp\/v2\/product_tag?post=228329"}],"curies":[{"name":"wp","href":"https:\/\/api.w.org\/{rel}","templated":true}]}}