{"id":228340,"date":"2026-03-04T06:43:48","date_gmt":"2026-03-04T05:43:48","guid":{"rendered":"https:\/\/grupotextil.es\/producto\/ability-isolate-vest-m\/"},"modified":"2026-04-19T04:06:49","modified_gmt":"2026-04-19T02:06:49","slug":"ability-isolate-vest-m","status":"publish","type":"product","link":"https:\/\/grupotextil.es\/ca\/product\/ability-isolate-vest-m\/","title":{"rendered":"Ability Isolate Vest M"},"content":{"rendered":"<p>Ability Isolate Vest es un chaleco c\u00e1lido y vers\u00e1til dise\u00f1ado para su uso diario cuando hace fr\u00edo. El chaleco cuenta con un aislamiento de poliamida 100\u00a0% reciclada y presenta una combinaci\u00f3n de superficies acolchadas y no acolchadas que proporcionan mucho espacio para escudos y logotipos de patrocinadores. Adem\u00e1s, la prenda cuenta con dos bolsillos laterales con cremallera.<\/p>\n<p>\u2022 Poliamida 100\u00a0% reciclada<\/p>\n<p>\u2022 Dos bolsillos laterales con cremalleras<\/p>\n<p>\u2022 Regular fit<\/p>\n<p><strong>Composici\u00f3n:<\/strong> 100\u00a0% poliamida reciclada | <strong>Tallas:<\/strong> XS-4XL<\/p>","protected":false},"excerpt":{"rendered":"<p>Ability Isolate Vest es un chaleco c\u00e1lido y vers\u00e1til dise\u00f1ado para su uso diario cuando hace fr\u00edo. El chaleco cuenta con un aislamiento de poliamida 100\u00a0% reciclada y presenta una combinaci\u00f3n de superficies acolchadas y no acolchadas que proporcionan<\/p>","protected":false},"featured_media":235674,"comment_status":"open","ping_status":"closed","template":"","meta":{"_acf_changed":false},"product_brand":[10489],"product_cat":[13998],"product_tag":[],"class_list":{"0":"post-228340","1":"product","2":"type-product","3":"status-publish","4":"has-post-thumbnail","6":"product_brand-craft","7":"product_cat-n-chaquetas","8":"tm-no-options","10":"first","11":"instock","12":"taxable","13":"shipping-taxable","14":"product-type-variable"},"acf":[],"_links":{"self":[{"href":"https:\/\/grupotextil.es\/ca\/wp-json\/wp\/v2\/product\/228340","targetHints":{"allow":["GET"]}}],"collection":[{"href":"https:\/\/grupotextil.es\/ca\/wp-json\/wp\/v2\/product"}],"about":[{"href":"https:\/\/grupotextil.es\/ca\/wp-json\/wp\/v2\/types\/product"}],"replies":[{"embeddable":true,"href":"https:\/\/grupotextil.es\/ca\/wp-json\/wp\/v2\/comments?post=228340"}],"wp:featuredmedia":[{"embeddable":true,"href":"https:\/\/grupotextil.es\/ca\/wp-json\/wp\/v2\/media\/235674"}],"wp:attachment":[{"href":"https:\/\/grupotextil.es\/ca\/wp-json\/wp\/v2\/media?parent=228340"}],"wp:term":[{"taxonomy":"product_brand","embeddable":true,"href":"https:\/\/grupotextil.es\/ca\/wp-json\/wp\/v2\/product_brand?post=228340"},{"taxonomy":"product_cat","embeddable":true,"href":"https:\/\/grupotextil.es\/ca\/wp-json\/wp\/v2\/product_cat?post=228340"},{"taxonomy":"product_tag","embeddable":true,"href":"https:\/\/grupotextil.es\/ca\/wp-json\/wp\/v2\/product_tag?post=228340"}],"curies":[{"name":"wp","href":"https:\/\/api.w.org\/{rel}","templated":true}]}}