{"id":228349,"date":"2026-03-04T06:43:52","date_gmt":"2026-03-04T05:43:52","guid":{"rendered":"https:\/\/grupotextil.es\/producto\/rush-2-0-shorts-w\/"},"modified":"2026-04-26T04:05:41","modified_gmt":"2026-04-26T02:05:41","slug":"rush-2-0-shorts-w","status":"publish","type":"product","link":"https:\/\/grupotextil.es\/ca\/product\/rush-2-0-shorts-w\/","title":{"rendered":"Rush 2.0 Shorts W"},"content":{"rendered":"<p>Los Rush 2.0 Shorts son unos shorts ligeros confeccionados con un tejido el\u00e1stico que proporciona un transporte eficiente de la humedad durante los entrenamientos intensos.<\/p>\n<p>La versi\u00f3n 2.0 se ha actualizado con un nuevo material m\u00e1s el\u00e1stico que proporciona mayor libertad de movimiento y confort. Confeccionada con poli\u00e9ster reciclado y dise\u00f1ada para reducir la huella ambiental, esta prenda es un espl\u00e9ndido ejemplo de ropa deportiva de \u00faltima generaci\u00f3n. Perfecta para la inclusi\u00f3n de marcas con el logotipo del club, patrocinios o empresas.<\/p>\n<p>\u2022 Tejido confeccionado con poli\u00e9ster reciclado<\/p>\n<p>\u2022 Dise\u00f1o actualizado con un material nuevo m\u00e1s el\u00e1stico<\/p>\n<p>\u2022 Cord\u00f3n en la cintura para un ajuste \u00f3ptimo<\/p>\n<p>\u2022 Dise\u00f1o limpio<\/p>\n<p><strong>Composici\u00f3n:<\/strong> 100% Polyester-Recycled | <strong>Tallas:<\/strong> XS-XXL<\/p>","protected":false},"excerpt":{"rendered":"<p>Los Rush 2.0 Shorts son unos shorts ligeros confeccionados con un tejido el\u00e1stico que proporciona un transporte eficiente de la humedad durante los entrenamientos intensos.<\/p>","protected":false},"featured_media":235680,"comment_status":"open","ping_status":"closed","template":"","meta":{"_acf_changed":false},"product_brand":[10489],"product_cat":[13983],"product_tag":[],"class_list":{"0":"post-228349","1":"product","2":"type-product","3":"status-publish","4":"has-post-thumbnail","6":"product_brand-craft","7":"product_cat-h-pantalones","8":"tm-no-options","10":"first","11":"instock","12":"taxable","13":"shipping-taxable","14":"product-type-variable"},"acf":[],"_links":{"self":[{"href":"https:\/\/grupotextil.es\/ca\/wp-json\/wp\/v2\/product\/228349","targetHints":{"allow":["GET"]}}],"collection":[{"href":"https:\/\/grupotextil.es\/ca\/wp-json\/wp\/v2\/product"}],"about":[{"href":"https:\/\/grupotextil.es\/ca\/wp-json\/wp\/v2\/types\/product"}],"replies":[{"embeddable":true,"href":"https:\/\/grupotextil.es\/ca\/wp-json\/wp\/v2\/comments?post=228349"}],"wp:featuredmedia":[{"embeddable":true,"href":"https:\/\/grupotextil.es\/ca\/wp-json\/wp\/v2\/media\/235680"}],"wp:attachment":[{"href":"https:\/\/grupotextil.es\/ca\/wp-json\/wp\/v2\/media?parent=228349"}],"wp:term":[{"taxonomy":"product_brand","embeddable":true,"href":"https:\/\/grupotextil.es\/ca\/wp-json\/wp\/v2\/product_brand?post=228349"},{"taxonomy":"product_cat","embeddable":true,"href":"https:\/\/grupotextil.es\/ca\/wp-json\/wp\/v2\/product_cat?post=228349"},{"taxonomy":"product_tag","embeddable":true,"href":"https:\/\/grupotextil.es\/ca\/wp-json\/wp\/v2\/product_tag?post=228349"}],"curies":[{"name":"wp","href":"https:\/\/api.w.org\/{rel}","templated":true}]}}